{"id":29,"date":"2022-03-17T15:06:08","date_gmt":"2022-03-17T14:06:08","guid":{"rendered":"http:\/\/beevanlife.com\/?page_id=29"},"modified":"2022-10-13T09:16:26","modified_gmt":"2022-10-13T07:16:26","slug":"doprava-a-platba","status":"publish","type":"page","link":"https:\/\/beevanlife.com\/?page_id=29","title":{"rendered":"Doprava a platba"},"content":{"rendered":"\n<p>Pri n\u00e1kupe nad 50\u20ac po\u0161tovn\u00e9 v SR a \u010cR zadarmo.<\/p>\n\n\n\n<h2 class=\"wp-block-heading\">Platba<\/h2>\n\n\n\n<p>S\u00fa\u010das\u0165ou objedn\u00e1vky na e-shope je povinnos\u0165 kupuj\u00faceho zaplati\u0165 cenu pred\u00e1vaj\u00facemu za objednan\u00fd tovar. V internetovom obchode <a href=\"http:\/\/beevanlife.com\/\">beevanlife.com<\/a>&nbsp;m\u00f4\u017ee kupuj\u00faci uhradi\u0165 k\u00fapnu cenu t\u00fdmto sp\u00f4sobom:<br><br><\/p>\n\n\n\n<p><strong>Dobierka<\/strong> \u2013 peniaze za tovar zaplat\u00edte a\u017e pri prevzat\u00ed tovaru, mo\u017en\u00e9 iba na Slovensku v eur\u00e1ch. Nie je mo\u017en\u00e1 platba kartou( pri platbe za dobierku \u00fa\u010dtujeme poplatok 2\u20ac vr\u00e1tane DPH )<br><br><\/p>\n\n\n\n<p><strong>Platba kartou<\/strong> \u2013 platba prostredn\u00edctvom platobnej br\u00e1ny Stripe. Kupuj\u00faci je po potvrden\u00ed objedn\u00e1vky presmerovan\u00fd na platobn\u00fd server Stripe, kde vypln\u00ed potrebn\u00e9 platobn\u00e9 \u00fadaje. Po overen\u00ed ich platnosti bude objedn\u00e1vka potvrden\u00e1 a suma vo v\u00fd\u0161ke k\u00fapnej ceny bude odpo\u010d\u00edtan\u00e1 z \u00fa\u010dtu kupuj\u00faceho.<\/p>\n\n\n\n<p><strong>Bankov\u00e9 spojenie:<\/strong><br>IBAN : SK8583300000002002127645<br>BIC \/ SWIFT : FIOZSKBAXXX (8330), Fio banka, a.s.<\/p>\n\n\n\n<h2 class=\"wp-block-heading\">Doprava<\/h2>\n\n\n\n<p><strong>&nbsp;Kuri\u00e9r na SK(kuri\u00e9r spolo\u010dnosti Packeta) : ( 3,5 \u20ac )<\/strong> Zvy\u010dajn\u00e1 doba dodania u tohto prepravcu je doru\u010denie z\u00e1sielky do 2 pracovn\u00fdch dn\u00ed. Z\u00e1kazn\u00edk, ktor\u00fd si zvol\u00ed tento typ dopravy, by sa mal v \u010dase doru\u010denia zdr\u017eiava\u0165 na adrese, ktor\u00fa uviedol v objedn\u00e1vke (je to najvhodnej\u0161\u00ed sp\u00f4sob dopravy v pr\u00edpade, ak si \u017eel\u00e1te doru\u010di\u0165 z\u00e1sielku do zamestnania).&nbsp; Z\u00e1kazn\u00edk bude informovan\u00fd notifik\u00e1ciou \u2013 SMSkou\/ e-mailom o zadan\u00ed inform\u00e1cii do syst\u00e9mu. V de\u0148 doru\u010denia bude z\u00e1kazn\u00edk informovan\u00fd SMSkou\/ e-mailom + telefonicky pred doru\u010den\u00edm. Odkaz na sledovanie z\u00e1sielky sa nach\u00e1dza v e-maili o potvrden\u00ed objedn\u00e1vky.<\/p>\n\n\n\n<p><strong>Kuri\u00e9r DHL do \u010cR(kuri\u00e9r spolo\u010dnosti Packeta) : ( 5,0 \u20ac )<\/strong> Zvy\u010dajn\u00e1 doba dodania u tohto prepravcu je doru\u010denie z\u00e1sielky do 3 pracovn\u00fdch dn\u00ed. Z\u00e1kazn\u00edk, ktor\u00fd si zvol\u00ed tento typ dopravy, by sa mal v \u010dase doru\u010denia zdr\u017eiava\u0165 na adrese, ktor\u00fa uviedol v objedn\u00e1vke (je to najvhodnej\u0161\u00ed sp\u00f4sob dopravy v pr\u00edpade, ak si \u017eel\u00e1te doru\u010di\u0165 z\u00e1sielku do zamestnania). Z\u00e1kazn\u00edk bude informovan\u00fd notifik\u00e1ciou \u2013 SMSkou\/ e-mailom o zadan\u00ed inform\u00e1cii do syst\u00e9mu. V de\u0148 doru\u010denia bude z\u00e1kazn\u00edk informovan\u00fd SMSkou\/ e-mailom + telefonicky pred doru\u010den\u00edm. Odkaz na sledovanie z\u00e1sielky sa nach\u00e1dza v e-maili o potvrden\u00ed objedn\u00e1vky.<\/p>\n\n\n\n<p><strong>Z\u00e1sielkovna na SR: ( 2,5 \u20ac) <\/strong>Zvy\u010dajn\u00e1 doba dodania u tohto prepravcu je doru\u010denie na v\u00fddajne miesto vybranej z\u00e1sielkovne do 2 pracovn\u00fdch dn\u00ed.&nbsp; Akon\u00e1hle bude z\u00e1sielka pripraven\u00e1 na vyzdvihnutie budete informovan\u00fd SMSkou a emailom s heslom. Vyzdvihn\u00fa\u0165 si ju mo\u017eete kedyko\u013evek po\u010das otv\u00e1racej doby danej z\u00e1sielkovne po dobu 7 dn\u00ed od doru\u010denia. Po\u010das Vianoc je skr\u00e1ten\u00e1 doba na 5 dn\u00ed.<\/p>\n\n\n\n<p>Z\u00e1sielkovna na \u010cR: ( 3,0 \u20ac) Zvy\u010dajn\u00e1 doba dodania u tohto prepravcu je doru\u010denie na v\u00fddajne miesto vybranej z\u00e1sielkovne do 3 pracovn\u00fdch dn\u00ed.&nbsp; Akon\u00e1hle bude z\u00e1sielka pripraven\u00e1 na vyzdvihnutie budete informovan\u00fd SMSkou a emailom s heslom. Vyzdvihn\u00fa\u0165 si ju m\u00f4\u017eete kedyko\u013evek po\u010das otv\u00e1racej doby danej z\u00e1sielkovne po dobu 7 dn\u00ed od doru\u010denia. Po\u010das Vianoc je skr\u00e1ten\u00e1 doba na 5 dn\u00ed.<\/p>\n\n\n\n<h2 class=\"wp-block-heading\"><strong>Ceny tovaru<\/strong><\/h2>\n\n\n\n<p>V\u0161etky ceny produktov v e-shope s\u00fa kone\u010dn\u00e9, vr\u00e1tane v\u0161etk\u00fdch dan\u00ed. Pred\u00e1vaj\u00faci&nbsp; nie je platite\u013eom DPH. Cena produktu nezah\u0155\u0148a n\u00e1klady na doru\u010denie.<\/p>\n\n\n\n<h2 class=\"wp-block-heading\"><strong>Dodacie podmienky<\/strong><\/h2>\n\n\n\n<p>Dod\u00e1vky objednan\u00e9ho tovaru bud\u00fa pod\u013ea dostupnosti produktov a prev\u00e1dzkov\u00fdch mo\u017enost\u00ed pred\u00e1vaj\u00faceho realizovan\u00e9 v \u010do najkrat\u0161om term\u00edne (potvrdenie objedn\u00e1vky do 12.00h nasleduj\u00faceho d\u0148a, tovar je odoslan\u00fd k z\u00e1kazn\u00edkovi e\u0161te v ten de\u0148), zvy\u010dajne do 2-3 pracovn\u00fdch dn\u00ed od z\u00e1v\u00e4zn\u00e9ho potvrdenia objedn\u00e1vky, ak nie je pri danom tovare uveden\u00e1 dlh\u0161ia doba. Vo v\u00fdnimo\u010dn\u00fdch pr\u00edpadoch m\u00f4\u017ee by\u0165 dodacia lehota dlh\u0161ia ako 7 dn\u00ed, alebo dlh\u0161ia ako je uveden\u00e9 pri danom tovare (v pr\u00edpade, \u017ee je pri tovare uveden\u00e1 dlh\u0161ia dodacia doba ako 7 dn\u00ed), ale len po dohovore s kupuj\u00facim.<\/p>\n\n\n\n<p>Tovar sa pova\u017euje za prevzat\u00fd kupuj\u00facim okamihom, ke\u010f kupuj\u00faci alebo n\u00edm ur\u010den\u00e1 tretia osoba (s v\u00fdnimkou dopravcu) prevezme v\u0161etky \u010dasti objednan\u00e9ho tovaru, alebo ak sa<\/p>\n\n\n\n<p>a) tovary objednan\u00e9 kupuj\u00facim v jednej objedn\u00e1vke dod\u00e1vaj\u00fa oddelene, okamihom prevzatia tovaru, ktor\u00fd bol dodan\u00fd ako posledn\u00fd,<\/p>\n\n\n\n<p>b) dod\u00e1va tovar pozost\u00e1vaj\u00faci z viacer\u00fdch dielov alebo kusov, okamihom prevzatia posledn\u00e9ho dielu alebo posledn\u00e9ho kusu,<\/p>\n\n\n\n<p>c) tovar dod\u00e1va opakovane po\u010das vymedzen\u00e9ho obdobia, okamihom prevzatia prv\u00e9ho dodan\u00e9ho tovaru.<\/p>\n","protected":false},"excerpt":{"rendered":"<p>Pri n\u00e1kupe nad 50\u20ac po\u0161tovn\u00e9 v SR a \u010cR zadarmo. Platba S\u00fa\u010das\u0165ou objedn\u00e1vky na e-shope je povinnos\u0165 kupuj\u00faceho zaplati\u0165 cenu pred\u00e1vaj\u00facemu za objednan\u00fd tovar. V internetovom obchode beevanlife.com&nbsp;m\u00f4\u017ee kupuj\u00faci uhradi\u0165 k\u00fapnu cenu t\u00fdmto sp\u00f4sobom: Dobierka \u2013 peniaze za tovar zaplat\u00edte a\u017e pri prevzat\u00ed tovaru, mo\u017en\u00e9 iba na Slovensku v eur\u00e1ch. Nie je mo\u017en\u00e1 platba kartou( [&hellip;]<\/p>\n","protected":false},"author":1,"featured_media":0,"parent":0,"menu_order":0,"comment_status":"closed","ping_status":"closed","template":"","meta":{"_monsterinsights_skip_tracking":false,"_monsterinsights_sitenote_active":false,"_monsterinsights_sitenote_note":"","_monsterinsights_sitenote_category":0,"footnotes":""},"class_list":["post-29","page","type-page","status-publish","hentry","has-post-title","has-post-date","has-post-category","has-post-tag","has-post-comment","has-post-author",""],"aioseo_notices":[],"jetpack-related-posts":[],"jetpack_sharing_enabled":true,"builder_content":"","_links":{"self":[{"href":"https:\/\/beevanlife.com\/index.php?rest_route=\/wp\/v2\/pages\/29","targetHints":{"allow":["GET"]}}],"collection":[{"href":"https:\/\/beevanlife.com\/index.php?rest_route=\/wp\/v2\/pages"}],"about":[{"href":"https:\/\/beevanlife.com\/index.php?rest_route=\/wp\/v2\/types\/page"}],"author":[{"embeddable":true,"href":"https:\/\/beevanlife.com\/index.php?rest_route=\/wp\/v2\/users\/1"}],"replies":[{"embeddable":true,"href":"https:\/\/beevanlife.com\/index.php?rest_route=%2Fwp%2Fv2%2Fcomments&post=29"}],"version-history":[{"count":2,"href":"https:\/\/beevanlife.com\/index.php?rest_route=\/wp\/v2\/pages\/29\/revisions"}],"predecessor-version":[{"id":471,"href":"https:\/\/beevanlife.com\/index.php?rest_route=\/wp\/v2\/pages\/29\/revisions\/471"}],"wp:attachment":[{"href":"https:\/\/beevanlife.com\/index.php?rest_route=%2Fwp%2Fv2%2Fmedia&parent=29"}],"curies":[{"name":"wp","href":"https:\/\/api.w.org\/{rel}","templated":true}]}}