{"id":31,"date":"2022-03-17T15:19:43","date_gmt":"2022-03-17T14:19:43","guid":{"rendered":"http:\/\/beevanlife.com\/?page_id=31"},"modified":"2022-03-17T15:57:37","modified_gmt":"2022-03-17T14:57:37","slug":"reklamacia-a-vratenie-tovaru","status":"publish","type":"page","link":"https:\/\/beevanlife.com\/?page_id=31","title":{"rendered":"Reklam\u00e1cia a vr\u00e1tenie tovaru"},"content":{"rendered":"\n<h3 class=\"wp-block-heading\">Reklam\u00e1cia tovaru<\/h3>\n\n\n\n<p>Ak si prajete reklamova\u0165 tovar, za\u0161lite n\u00e1m ho spolu s vyplnen\u00fdm: <\/p>\n\n\n\n<p>Formul\u00e1r na reklam\u00e1ciu tovaru (stiahnete kliknut\u00edm<a href=\"http:\/\/beevanlife.com\/wp-content\/uploads\/2022\/03\/Reklamacny-formular-BeeVanLife.pdf\" target=\"_blank\" rel=\"noreferrer noopener\"> na tento odkaz).<\/a><\/p>\n\n\n\n<p>Po obdr\u017ean\u00ed tovaru v\u00e1s budeme informova\u0165 o \u010fal\u0161om postupe.<\/p>\n\n\n\n<p>Tovar neposielajte na dobierku, v takom pr\u00edpade ho neprevezmeme a bude V\u00e1m doru\u010den\u00fd sp\u00e4\u0165.<\/p>\n\n\n\n<p>N\u00e1klady na po\u0161tovn\u00e9 od V\u00e1s k n\u00e1m hrad\u00edte vy, ak v\u00e1m bude reklam\u00e1cia uznan\u00e1, vr\u00e1time v\u00e1m penia\u017eky aj s&nbsp;po\u0161tov\u00fdmi n\u00e1kladmi.<\/p>\n\n\n\n<p>Tovar pros\u00edm za\u0161lite na adresu: Miroslava Ko\u0161arikov\u00e1, Komensk\u00e9ho 583\/3, 05801 Poprad.<\/p>\n\n\n\n<p>V pr\u00edpade nejasnost\u00ed alebo dopl\u0148uj\u00facich info n\u00e1s m\u00f4\u017eete kontaktova\u0165 na tel.\u010d: +421 948 097 093.<\/p>\n\n\n\n<h3 class=\"wp-block-heading\">Vr\u00e1tenie tovaru<\/h3>\n\n\n\n<p>Pokia\u013e sa rozhodnete tovar vr\u00e1ti\u0165, dodr\u017eujte pros\u00edm tieto z\u00e1kladn\u00e9 podmienky:<\/p>\n\n\n\n<p>Tovar n\u00e1m za\u0161lite najnesk\u00f4r 30. de\u0148 po fyzickom prevzat\u00ed z\u00e1sielky.<\/p>\n\n\n\n<p>Tovar mus\u00ed by\u0165 kompletn\u00fd, neporu\u0161en\u00fd, nepou\u017eit\u00fd, opatren\u00fd visa\u010dkami v origin\u00e1lnom obale, schopn\u00fd \u010fal\u0161ieho predaja.<\/p>\n\n\n\n<p>Do z\u00e1sielky prilo\u017ete vyplnen\u00fd: Formul\u00e1r na vr\u00e1tenie tovaru (stiahnete kliknut\u00edm<a href=\"http:\/\/beevanlife.com\/wp-content\/uploads\/2022\/03\/Vratenie-tovaru-BeeVanLife.pdf\" target=\"_blank\" rel=\"noreferrer noopener\"> na tento odkaz).<\/a><\/p>\n\n\n\n<p>Ak si formul\u00e1r neviete vytla\u010di\u0165, m\u00f4\u017eete si ho prep\u00edsa\u0165 ru\u010dne a prilo\u017ei\u0165 do bal\u00edka.<\/p>\n\n\n\n<p>Tovar neposielajte na dobierku, v takom pr\u00edpade ho neprevezmeme a bude V\u00e1m doru\u010den\u00fd sp\u00e4\u0165. N\u00e1klady na po\u0161tovn\u00e9 od V\u00e1s k n\u00e1m hrad\u00edte vy.<\/p>\n\n\n\n<p>Tovar pros\u00edm za\u0161lite na adresu: Miroslava Ko\u0161arikov\u00e1, Komensk\u00e9ho 583\/3, 05801 Poprad.<\/p>\n\n\n\n<p>V pr\u00edpade nejasnost\u00ed alebo dopl\u0148uj\u00facich info n\u00e1s m\u00f4\u017eete kontaktova\u0165 na tel.\u010d: +421&nbsp;948&nbsp;097&nbsp;093.<\/p>\n","protected":false},"excerpt":{"rendered":"<p>Reklam\u00e1cia tovaru Ak si prajete reklamova\u0165 tovar, za\u0161lite n\u00e1m ho spolu s vyplnen\u00fdm: Formul\u00e1r na reklam\u00e1ciu tovaru (stiahnete kliknut\u00edm na tento odkaz). Po obdr\u017ean\u00ed tovaru v\u00e1s budeme informova\u0165 o \u010fal\u0161om postupe. Tovar neposielajte na dobierku, v takom pr\u00edpade ho neprevezmeme a bude V\u00e1m doru\u010den\u00fd sp\u00e4\u0165. N\u00e1klady na po\u0161tovn\u00e9 od V\u00e1s k n\u00e1m hrad\u00edte vy, ak [&hellip;]<\/p>\n","protected":false},"author":1,"featured_media":0,"parent":0,"menu_order":0,"comment_status":"closed","ping_status":"closed","template":"","meta":{"_monsterinsights_skip_tracking":false,"_monsterinsights_sitenote_active":false,"_monsterinsights_sitenote_note":"","_monsterinsights_sitenote_category":0,"footnotes":""},"class_list":["post-31","page","type-page","status-publish","hentry","has-post-title","has-post-date","has-post-category","has-post-tag","has-post-comment","has-post-author",""],"aioseo_notices":[],"jetpack-related-posts":[],"jetpack_sharing_enabled":true,"builder_content":"","_links":{"self":[{"href":"https:\/\/beevanlife.com\/index.php?rest_route=\/wp\/v2\/pages\/31","targetHints":{"allow":["GET"]}}],"collection":[{"href":"https:\/\/beevanlife.com\/index.php?rest_route=\/wp\/v2\/pages"}],"about":[{"href":"https:\/\/beevanlife.com\/index.php?rest_route=\/wp\/v2\/types\/page"}],"author":[{"embeddable":true,"href":"https:\/\/beevanlife.com\/index.php?rest_route=\/wp\/v2\/users\/1"}],"replies":[{"embeddable":true,"href":"https:\/\/beevanlife.com\/index.php?rest_route=%2Fwp%2Fv2%2Fcomments&post=31"}],"version-history":[{"count":5,"href":"https:\/\/beevanlife.com\/index.php?rest_route=\/wp\/v2\/pages\/31\/revisions"}],"predecessor-version":[{"id":49,"href":"https:\/\/beevanlife.com\/index.php?rest_route=\/wp\/v2\/pages\/31\/revisions\/49"}],"wp:attachment":[{"href":"https:\/\/beevanlife.com\/index.php?rest_route=%2Fwp%2Fv2%2Fmedia&parent=31"}],"curies":[{"name":"wp","href":"https:\/\/api.w.org\/{rel}","templated":true}]}}