{"id":52,"date":"2022-03-17T16:10:18","date_gmt":"2022-03-17T15:10:18","guid":{"rendered":"http:\/\/beevanlife.com\/?page_id=52"},"modified":"2022-03-17T16:10:21","modified_gmt":"2022-03-17T15:10:21","slug":"ochrana-osobnych-udajov","status":"publish","type":"page","link":"https:\/\/beevanlife.com\/?page_id=52","title":{"rendered":"Ochrana osobn\u00fdch \u00fadajov"},"content":{"rendered":"\n<div class=\"wp-block-group alignwide\"><div class=\"wp-block-group__inner-container is-layout-flow wp-block-group-is-layout-flow\">\n<p><strong>I. Z\u00e1kladn\u00e9 ustanoven\u00edia<\/strong><\/p>\n\n\n\n<ol class=\"wp-block-list\"><li>Prev\u00e1dzkovate\u013eom osobn\u00fdch \u00fadajov pod\u013ea \u00a7 5 p\u00edsm. o) z\u00e1kona \u010d. 18\/2018 Z.z. o ochrane osobn\u00fdch \u00fadajov v znen\u00ed neskor\u0161\u00edch predpisov (\u010falej len \u201eZ\u00e1kon\u201c) je Ko\u0161arikov\u00e1 Miroslava &#8211; MyArt, I\u010cO 50181777 so s\u00eddlom v Poprade (\u010falej len: \u201eprev\u00e1dzkovate\u013e\u201c).<\/li><li>Kontaktn\u00e9 \u00fadaje prev\u00e1dzkovate\u013ea s\u00fa<br>adresa: Komensk\u00e9ho 583\/3, 05801 Poprad<br>email: beevanlife@gmail.com<br>telef\u00f3n: +421948097093<\/li><li>Osobn\u00fdmi \u00fadajmi sa rozumej\u00fa v\u0161etky inform\u00e1cie o identifikovanej alebo identifikovate\u013enej fyzickej osobe; identifikovate\u013enou fyzickou osobou je fyzick\u00e1 osoba, ktor\u00fa mo\u017eno priamo \u010di nepriamo identifikova\u0165, najm\u00e4 odkazom na ur\u010dit\u00fd identifik\u00e1tor, napr\u00edklad meno, identifika\u010dn\u00e9 \u010d\u00edslo, lokaliza\u010dn\u00e9 \u00fadaje, sie\u0165ov\u00fd identifik\u00e1tor alebo odkazom na jeden \u010di viac zvl\u00e1\u0161tnych prvkov fyzickej, fyziologickej, genetickej, psychickej, ekonomickej, kult\u00farnej alebo spolo\u010denskej identity tejto fyzickej osoby.<br>Prev\u00e1dzkovate\u013e chr\u00e1ni sprac\u00favan\u00e9 osobn\u00e9 \u00fadaje\u00a0pred ich po\u0161koden\u00edm, zni\u010den\u00edm, stratou, zmenou, neopr\u00e1vnen\u00fdm pr\u00edstupom a spr\u00edstupnen\u00edm, poskytnut\u00edm alebo zverejnen\u00edm a pred ak\u00fdmiko\u013evek in\u00fdmi nepr\u00edpustn\u00fdmi sp\u00f4sobmi sprac\u00favania.<\/li><li>Prev\u00e1dzkovate\u013e vymenoval zodpovedn\u00fa osobu pre ochranu osobn\u00fdch \u00fadajov. Kontaktn\u00fdmi \u00fadajmi zodpovednej osoby s\u00fa:Miroslava Ko\u0161arikov\u00e1 \u2013 prev\u00e1dzkovate\u013e osobn\u00fdch \u00fadajov.<br><strong>II. Zdroje a kateg\u00f3rie spracov\u00e1van\u00fdch osobn\u00fdch \u00fadajov<\/strong><\/li><li>Prev\u00e1dzkovate\u013e spracov\u00e1va osobn\u00e9 \u00fadaje, ktor\u00e9 ste mu poskytol\/la alebo osobn\u00e9 \u00fadaje, ktor\u00e9 prev\u00e1dzkovate\u013e z\u00edskal na z\u00e1klade plnenia Va\u0161ej objedn\u00e1vky.<\/li><li>Prev\u00e1dzkovate\u013e spracov\u00e1va Va\u0161e identifika\u010dn\u00e9 a kontaktn\u00e9 \u00fadaje a \u00fadaje nutn\u00e9 pre plnenie zmluvy.<br><strong>III. Z\u00e1konn\u00fd d\u00f4vod a \u00fa\u010del spracovania osobn\u00fdch \u00fadajov<\/strong><\/li><li>Z\u00e1konn\u00fdm d\u00f4vodom spracovania osobn\u00fdch \u00fadajov je<br>plnenie zmluvy medzi Vami a prev\u00e1dzkovate\u013eom pod\u013ea \u00a7 13 ods. 1 p\u00edsm. b) Z\u00e1kona,<br>opr\u00e1vnen\u00fd z\u00e1ujem prev\u00e1dzkovate\u013ea na poskytovan\u00ed priameho marketingu (najm\u00e4 pre zasielanie obchodn\u00fdch oznamov a newsletterov) pod\u013ea \u00a7 13 ods. 1 p\u00edsm. f) Z\u00e1kona,<br>V\u00e1\u0161 s\u00fahlas so spracovan\u00edm pre \u00fa\u010dely poskytovania priameho marketingu (najm\u00e4 pre zasielanie obchodn\u00fdch oznamov a newsletterov) pod\u013ea \u00a7 13 ods. 1 p\u00edsm. a) Z\u00e1kona v pr\u00edpade, \u017ee nedo\u0161lo k objedn\u00e1vke tovaru alebo slu\u017eby.<\/li><li>\u00da\u010delom spracovania osobn\u00fdch \u00fadajov je<br>vybavenie Va\u0161ej objedn\u00e1vky a v\u00fdkon pr\u00e1v a povinnost\u00ed vypl\u00fdvaj\u00facich zo zmluvn\u00e9ho vz\u0165ahu medzi Vami a prev\u00e1dzkovate\u013eom; pri objedn\u00e1vke s\u00fa vy\u017eadovan\u00e9 osobn\u00e9 \u00fadaje, ktor\u00e9 s\u00fa nutn\u00e9 pre \u00faspe\u0161n\u00e9 vybavenie objedn\u00e1vky (meno a adresa, kontakt), poskytnutie osobn\u00fdch \u00fadajov je nutnou po\u017eiadavkou pre uzavretie a plnenie zmluvy, bez poskytnutia osobn\u00fdch \u00fadajov nie je mo\u017en\u00e9 zmluvu uzavrie\u0165 \u010di ju zo strany prev\u00e1dzkovate\u013ea plni\u0165,<br>zasielanie obchodn\u00fdch oznamov a v\u00fdkon \u010fal\u0161\u00edch marketingov\u00fdch aktiv\u00edt.<\/li><li>Zo strany prev\u00e1dzkovate\u013ea nedoch\u00e1dza k automatick\u00e9mu individu\u00e1lnemu rozhodovaniu v zmysle \u00a7 28 Z\u00e1kona. S tak\u00fdm spracovan\u00edm ste poskytol\/la svoj v\u00fdslovn\u00fd s\u00fahlas.<br><strong>IV. Doba uchov\u00e1vania osobn\u00fdch \u00fadajov<\/strong><\/li><li>Prev\u00e1dzkovate\u013e uchov\u00e1va osobn\u00e9 \u00fadaje<br>po dobu nevyhnutn\u00fa k v\u00fdkonu pr\u00e1v a povinnost\u00ed vypl\u00fdvaj\u00facich zo zmluvn\u00e9ho vz\u0165ahu medzi Vami a prev\u00e1dzkovate\u013eom a uplat\u0148ovanie n\u00e1rokov z t\u00fdchto zmluvn\u00fdch vz\u0165ahov (po dobu 5 rokov od ukon\u010den\u00ed zmluvn\u00e9ho vz\u0165ahu).<br>po dobu, ne\u017e je odvolan\u00fd s\u00fahlas so spracovan\u00edm osobn\u00fdch \u00fadajov pre \u00fa\u010dely marketingu,<\/li><li>Po uplynut\u00ed doby uchov\u00e1vania osobn\u00fdch \u00fadajov prev\u00e1dzkovate\u013e osobn\u00e9 \u00fadaje vyma\u017ee.<br><strong>V. Pr\u00edjemcovia osobn\u00fdch \u00fadajov (subdod\u00e1vatelia prev\u00e1dzkovate\u013ea)<\/strong><\/li><li>Pr\u00edjemcovia osobn\u00fdch \u00fadajov s\u00fa osoby<br>Podie\u013eaj\u00face sa na dod\u00e1van\u00ed tovaru \/ slu\u017eieb \/ realiz\u00e1cii platieb na z\u00e1klade zmluvy,<br>zais\u0165uj\u00face slu\u017eby prev\u00e1dzkovania e-shopu a \u010fal\u0161ie slu\u017eby v s\u00favislosti s prev\u00e1dzkovan\u00edm e-shopu,<br>zais\u0165uj\u00face marketingov\u00e9 slu\u017eby.<br>Pred\u00e1vaj\u00faci oznamuje t\u00fdmto kupuj\u00facemu, \u017ee z\u00a0titulu plnenia uzavretej zmluvy sa pri sprac\u00favan\u00ed osobn\u00fdch \u00fadajov kupuj\u00faceho predpoklad\u00e1, \u017ee osobn\u00e9 \u00fadaje kupuj\u00faceho bud\u00fa poskytnut\u00e9 a\u00a0spr\u00edstupnen\u00e9 nasledovn\u00fdm tret\u00edm stran\u00e1m, resp. okruhom pr\u00edjemcov:<br>-Slovensk\u00e1 po\u0161ta, a. s., Partiz\u00e1nska cesta 9, 975 99 Bansk\u00e1 Bystrica, I\u010cO 36 631 124<br>-Z\u00e1sielkov\u0148a s. r. o., Kop\u010dianska 3338\/82A, Bratislava \u2013 mestsk\u00e1 \u010das\u0165 Petr\u017ealka 851 01, I\u010cO48 136 999 Ak\u00e9 osobn\u00e9 \u00fadaje sa spracov\u00e1vaj\u00fa:<br>meno a priezvisko, adresa pr\u00edjemcu, e-mailov\u00e1 adresa, telefonick\u00fd kontakt pr\u00edjemcu, v\u00fdnimo\u010dne \u017eiadame \u010d\u00edslo bankov\u00e9ho \u00fa\u010dtu, vlastnoru\u010dn\u00fd podpis pr\u00edjemcu. \u010eal\u0161ie \u00fadaje Vami dobrovo\u013ene vyplnen\u00e9 (napr. V kontaktnom formul\u00e1ri) \u010di ozn\u00e1men\u00e9 v r\u00e1mci telefonick\u00e9ho rozhovoru.<\/li><li>Prev\u00e1dzkovate\u013e nem\u00e1 v \u00famysle odovzda\u0165 osobn\u00e9 \u00fadaje do tretej krajiny (do krajiny mimo EU) alebo medzin\u00e1rodnej organiz\u00e1cii. Pr\u00edjemcovia osobn\u00fdch \u00fadajov v tret\u00edch krajin\u00e1ch s\u00fa poskytovatelia mailingov\u00fdch slu\u017eieb \/ cloudov\u00fdch slu\u017eieb.<br><strong>VI. Va\u0161e pr\u00e1va<\/strong><\/li><li>Za podmienok stanoven\u00fdch v Z\u00e1kone m\u00e1te<br>pr\u00e1vo na pr\u00edstup ku svoj\u00edm osobn\u00fdm \u00fadajom pod\u013ea \u00a7 21 Z\u00e1kona,<br>pr\u00e1vo na opravu osobn\u00fdch \u00fadajov pod\u013ea \u00a7 22 Z\u00e1kona, popr\u00edpade obmedzenie spracovania pod\u013ea \u00a7 24 Z\u00e1kona,<br>pr\u00e1vo na v\u00fdmaz osobn\u00fdch \u00fadajov pod\u013ea \u00a7 23 Z\u00e1kona,<br>pr\u00e1vo vznies\u0165 n\u00e1mietku proti spracovaniu pod\u013ea \u00a7 27 Z\u00e1kona,<br>pr\u00e1vo na prenosite\u013enos\u0165 \u00fadajov pod\u013ea \u00a7 26 Z\u00e1kona,<br>pr\u00e1vo odvola\u0165 s\u00fahlas so spracovan\u00edm p\u00edsomne alebo elektronicky na adresu alebo email prev\u00e1dzkovate\u013ea uveden\u00fd v \u010dl. III t\u00fdchto podmienok.<\/li><li>\u010ealej m\u00e1te pr\u00e1vo poda\u0165 s\u0165a\u017enos\u0165 u \u00daradu pre ochranu osobn\u00fdch \u00fadajov v pr\u00edpade, \u017ee sa domnievate, \u017ee bolo poru\u0161en\u00e9 Va\u0161e pr\u00e1vo na ochranu osobn\u00fdch \u00fadajov.<\/li><\/ol>\n\n\n\n<p><strong>VII. Podmienky zabezpe\u010den\u00ed osobn\u00fdch \u00fadajov<\/strong><\/p>\n\n\n\n<ol class=\"wp-block-list\"><li>Prev\u00e1dzkovate\u013e prehlasuje, \u017ee prijal v\u0161etky vhodn\u00e9 technick\u00e9 a organiza\u010dn\u00e9 opatrenia k zabezpe\u010deniu osobn\u00fdch \u00fadajov.<\/li><li>Prev\u00e1dzkovate\u013e prijal technick\u00e9 opatren\u00ed k zabezpe\u010deniu d\u00e1tov\u00fdch \u00falo\u017e\u00edsk a \u00falo\u017e\u00edsk osobn\u00fdch \u00fadajov v listinnej podobe.<\/li><li>Prev\u00e1dzkovate\u013e prehlasuje, \u017ee k osobn\u00fdm \u00fadajom maj\u00fa pr\u00edstup len n\u00edm poveren\u00e9 osoby.<br><strong>VIII. Z\u00e1vere\u010dn\u00e9 ustanovenia<\/strong><\/li><li>Odoslan\u00edm objedn\u00e1vky z internetov\u00e9ho objedn\u00e1vkov\u00e9ho formul\u00e1ra potvrdzujete, \u017ee ste obozn\u00e1men\u00fd\/\u00e1 s podmienkami ochrany osobn\u00fdch \u00fadajov a \u017ee ich v celom rozsahu prij\u00edmate.<\/li><li>S t\u00fdmito podmienkami s\u00fahlas\u00edte za\u0161krtnut\u00edm s\u00fahlasu prostredn\u00edctvom internetov\u00e9ho formul\u00e1ra. Za\u0161krtnut\u00edm s\u00fahlasu potvrdzujete, \u017ee ste obozn\u00e1men\u00fd\/obozn\u00e1men\u00e1 s podmienkami ochrany osobn\u00fdch \u00fadajov a \u017ee ich v celom rozsahu prij\u00edmate.<\/li><li>Prev\u00e1dzkovate\u013e je opr\u00e1vnen\u00fd tieto podmienky zmeni\u0165. Nov\u00fa verziu podmienok ochrany osobn\u00fdch \u00fadajov zverejn\u00ed na svojich internetov\u00fdch str\u00e1nkach a z\u00e1rove\u0148 V\u00e1m za\u0161le nov\u00fa verziu t\u00fdchto podmienok na Va\u0161u e-mailov\u00fa adresu, ktor\u00fa ste prev\u00e1dzkovate\u013eovi poskytol\/la.<\/li><\/ol>\n\n\n\n<p>Ak by sa V\u00e1m u\u017e nep\u00e1\u010dilo, \u017ee od n\u00e1s \u010das od \u010dasu dostanete nejak\u00e9 obchodn\u00e9 ozn\u00e1menia, \u010di in\u00fa inform\u00e1ciu o novink\u00e1ch v na\u0161om portf\u00f3liu produktov a slu\u017eieb m\u00e1te mo\u017enos\u0165 namieta\u0165 proti \u010fal\u0161iemu spracov\u00e1vanie Va\u0161ich osobn\u00fdch \u00fadajov za \u00fa\u010delom priameho marketingu. Ak tak urob\u00edte, na tento \u00fa\u010del u\u017e Va\u0161e \u00fadaje spracov\u00e1va\u0165 nebudeme a \u010fal\u0161ie obchodn\u00e9 ozn\u00e1menia a newslettre V\u00e1m u\u017e zasiela\u0165 nebudeme.<br>Bli\u017e\u0161ie inform\u00e1cie o tomto pr\u00e1ve obsahuje najm\u00e4 \u010dl. 21 v\u0161eobecn\u00e9ho nariadenia o ochrane osobn\u00fdch \u00fadajov \u010d. 2016\/679.<\/p>\n\n\n\n<p>Sme ve\u013emi v\u010fa\u010dn\u00ed, \u017ee ste na\u0161im obchodn\u00fdm partnerom a dod\u00e1vate\u013eom, odberate\u013eom textiln\u00fdch materi\u00e1lov a v\u00fdrobkov. Preto\u017ee si Va\u0161u d\u00f4veru ve\u013emi cen\u00edme, radi by sme V\u00e1s uistili, \u017ee Va\u0161e osobn\u00e9 \u00fadaje s\u00fa spracov\u00e1van\u00e9 pod\u013ea eur\u00f3pskeho nariadenia o ochrane osobn\u00fdch \u00fadajov GDPR.<br><br>S pozdravom,<br>Ko\u0161arikov\u00e1 Miroslava , majite\u013e firmy.<\/p>\n\n\n\n<p>Tieto podmienky nadob\u00fadaj\u00fa \u00fa\u010dinnos\u0165 d\u0148a 22.02.2022<\/p>\n\n\n\n<p>Vypracovan\u00e9 pod\u013ea:<br>1. Nariadenie Eur\u00f3pskeho parlamentu a Rady (E\u00da) 2016\/679 z 27. apr\u00edla 2016 o ochrane fyzick\u00fdch os\u00f4b pri sprac\u00favan\u00ed osobn\u00fdch \u00fadajov a o vo\u013enom pohybe tak\u00fdchto \u00fadajov, ktor\u00fdm sa zru\u0161uje smernica 95\/46\/ES (v\u0161eobecn\u00e9 nariadenie o ochrane \u00fadajov).<br>2. Z\u00e1kon \u010d. 18\/2018 Z.z. o;ochrane osobn\u00fdch \u00fadajov a o zmene a doplnen\u00ed niektor\u00fdch z\u00e1konov.<br>3. https:\/\/www.zbierka-zakonov.sk\/vzor-poucenie-o-uplatneni-prava-spotrebitela-na-odstupenie-od-zmluvy\/ \u2013 2021<\/p>\n<\/div><\/div>\n","protected":false},"excerpt":{"rendered":"<p>I. Z\u00e1kladn\u00e9 ustanoven\u00edia Prev\u00e1dzkovate\u013eom osobn\u00fdch \u00fadajov pod\u013ea \u00a7 5 p\u00edsm. o) z\u00e1kona \u010d. 18\/2018 Z.z. o ochrane osobn\u00fdch \u00fadajov v znen\u00ed neskor\u0161\u00edch predpisov (\u010falej len \u201eZ\u00e1kon\u201c) je Ko\u0161arikov\u00e1 Miroslava &#8211; MyArt, I\u010cO 50181777 so s\u00eddlom v Poprade (\u010falej len: \u201eprev\u00e1dzkovate\u013e\u201c). Kontaktn\u00e9 \u00fadaje prev\u00e1dzkovate\u013ea s\u00faadresa: Komensk\u00e9ho 583\/3, 05801 Poprademail: beevanlife@gmail.comtelef\u00f3n: +421948097093 Osobn\u00fdmi \u00fadajmi sa rozumej\u00fa v\u0161etky [&hellip;]<\/p>\n","protected":false},"author":1,"featured_media":0,"parent":0,"menu_order":0,"comment_status":"closed","ping_status":"closed","template":"","meta":{"_monsterinsights_skip_tracking":false,"_monsterinsights_sitenote_active":false,"_monsterinsights_sitenote_note":"","_monsterinsights_sitenote_category":0,"footnotes":""},"class_list":["post-52","page","type-page","status-publish","hentry","has-post-title","has-post-date","has-post-category","has-post-tag","has-post-comment","has-post-author",""],"aioseo_notices":[],"jetpack-related-posts":[],"jetpack_sharing_enabled":true,"builder_content":"","_links":{"self":[{"href":"https:\/\/beevanlife.com\/index.php?rest_route=\/wp\/v2\/pages\/52","targetHints":{"allow":["GET"]}}],"collection":[{"href":"https:\/\/beevanlife.com\/index.php?rest_route=\/wp\/v2\/pages"}],"about":[{"href":"https:\/\/beevanlife.com\/index.php?rest_route=\/wp\/v2\/types\/page"}],"author":[{"embeddable":true,"href":"https:\/\/beevanlife.com\/index.php?rest_route=\/wp\/v2\/users\/1"}],"replies":[{"embeddable":true,"href":"https:\/\/beevanlife.com\/index.php?rest_route=%2Fwp%2Fv2%2Fcomments&post=52"}],"version-history":[{"count":1,"href":"https:\/\/beevanlife.com\/index.php?rest_route=\/wp\/v2\/pages\/52\/revisions"}],"predecessor-version":[{"id":53,"href":"https:\/\/beevanlife.com\/index.php?rest_route=\/wp\/v2\/pages\/52\/revisions\/53"}],"wp:attachment":[{"href":"https:\/\/beevanlife.com\/index.php?rest_route=%2Fwp%2Fv2%2Fmedia&parent=52"}],"curies":[{"name":"wp","href":"https:\/\/api.w.org\/{rel}","templated":true}]}}