{"id":536,"date":"2023-05-07T10:34:39","date_gmt":"2023-05-07T08:34:39","guid":{"rendered":"https:\/\/beevanlife.com\/?page_id=536"},"modified":"2025-01-29T10:03:45","modified_gmt":"2025-01-29T09:03:45","slug":"o-nas-2","status":"publish","type":"page","link":"https:\/\/beevanlife.com\/?page_id=536","title":{"rendered":"O n\u00e1s"},"content":{"rendered":"<div class=\"wp-block-image\">\n<figure class=\"aligncenter size-large\"><img data-recalc-dims=\"1\" fetchpriority=\"high\" decoding=\"async\" width=\"1024\" height=\"256\" src=\"https:\/\/i0.wp.com\/beevanlife.com\/wp-content\/uploads\/2022\/03\/1.jpg?resize=1024%2C256\" alt=\"\" class=\"wp-image-134\" srcset=\"https:\/\/i0.wp.com\/beevanlife.com\/wp-content\/uploads\/2022\/03\/1.jpg?resize=1024%2C256&amp;ssl=1 1024w, https:\/\/i0.wp.com\/beevanlife.com\/wp-content\/uploads\/2022\/03\/1.jpg?resize=416%2C104&amp;ssl=1 416w, https:\/\/i0.wp.com\/beevanlife.com\/wp-content\/uploads\/2022\/03\/1.jpg?resize=300%2C75&amp;ssl=1 300w, https:\/\/i0.wp.com\/beevanlife.com\/wp-content\/uploads\/2022\/03\/1.jpg?resize=768%2C192&amp;ssl=1 768w, https:\/\/i0.wp.com\/beevanlife.com\/wp-content\/uploads\/2022\/03\/1.jpg?resize=1536%2C384&amp;ssl=1 1536w, https:\/\/i0.wp.com\/beevanlife.com\/wp-content\/uploads\/2022\/03\/1.jpg?resize=1320%2C330&amp;ssl=1 1320w, https:\/\/i0.wp.com\/beevanlife.com\/wp-content\/uploads\/2022\/03\/1.jpg?w=1812&amp;ssl=1 1812w\" sizes=\"(max-width: 1024px) 100vw, 1024px\" \/><\/figure>\n<\/div>\n\n\n<p class=\"has-text-align-center\">Ahojte \ud83d\ude42<\/p>\n\n\n\n<p class=\"has-text-align-center\">Sme dobrodru\u017ene, pozit\u00edvno naladen\u00e1 rodinka, ktor\u00e1 miluje cestovanie a dni str\u00e1ven\u00e9 spolu aj s na\u0161im \u010cmeliakom, \u010di u\u017e sme vo ved\u013eaj\u0161ej dedine alebo na druhej strane zemegule.<\/p>\n\n\n\n<p class=\"has-text-align-center\">Na\u0161a pr\u00e1ca je v\u00fdroba a predaj suven\u00edrov a r\u00f4znych veci\u010diek vo Vysok\u00fdch Tatr\u00e1ch. <\/p>\n\n\n\n<p class=\"has-text-align-center\"><a href=\"https:\/\/www.myaartshop.com\/\" target=\"_blank\" rel=\"noopener\" title=\"MyaArtShop\">https:\/\/www.myaartshop.com\/<\/a><\/p>\n\n\n\n<p class=\"has-text-align-center\">A ke\u010f\u017ee milujeme aj kempovanie a cestovanie, rozhodli sme sa na\u0161u tvorbu roz\u0161\u00edri\u0165 aj o t\u00fato t\u00e9mu \ud83d\ude42<\/p>\n\n\n\n<p class=\"has-text-align-center\">Cesta je cie\u013e! A dobrodru\u017estvo za\u010d\u00edna u\u017e s prv\u00fdm kilometrom.<\/p>\n\n\n\n<p class=\"has-text-align-center\"><\/p>\n\n\n<!-- wp:themify-builder\/canvas \/-->\n\n\n<p><\/p>\n","protected":false},"excerpt":{"rendered":"<p>Ahojte \ud83d\ude42 Sme dobrodru\u017ene, pozit\u00edvno naladen\u00e1 rodinka, ktor\u00e1 miluje cestovanie a dni str\u00e1ven\u00e9 spolu aj s na\u0161im \u010cmeliakom, \u010di u\u017e sme vo ved\u013eaj\u0161ej dedine alebo na druhej strane zemegule. Na\u0161a pr\u00e1ca je v\u00fdroba a predaj suven\u00edrov a r\u00f4znych veci\u010diek vo Vysok\u00fdch Tatr\u00e1ch. https:\/\/www.myaartshop.com\/ A ke\u010f\u017ee milujeme aj kempovanie a cestovanie, rozhodli sme sa na\u0161u tvorbu [&hellip;]<\/p>\n","protected":false},"author":1,"featured_media":0,"parent":0,"menu_order":0,"comment_status":"closed","ping_status":"closed","template":"","meta":{"_monsterinsights_skip_tracking":false,"_monsterinsights_sitenote_active":false,"_monsterinsights_sitenote_note":"","_monsterinsights_sitenote_category":0,"footnotes":""},"class_list":["post-536","page","type-page","status-publish","hentry","has-post-title","has-post-date","has-post-category","has-post-tag","has-post-comment","has-post-author",""],"aioseo_notices":[],"jetpack-related-posts":[],"jetpack_sharing_enabled":true,"builder_content":"","_links":{"self":[{"href":"https:\/\/beevanlife.com\/index.php?rest_route=\/wp\/v2\/pages\/536","targetHints":{"allow":["GET"]}}],"collection":[{"href":"https:\/\/beevanlife.com\/index.php?rest_route=\/wp\/v2\/pages"}],"about":[{"href":"https:\/\/beevanlife.com\/index.php?rest_route=\/wp\/v2\/types\/page"}],"author":[{"embeddable":true,"href":"https:\/\/beevanlife.com\/index.php?rest_route=\/wp\/v2\/users\/1"}],"replies":[{"embeddable":true,"href":"https:\/\/beevanlife.com\/index.php?rest_route=%2Fwp%2Fv2%2Fcomments&post=536"}],"version-history":[{"count":4,"href":"https:\/\/beevanlife.com\/index.php?rest_route=\/wp\/v2\/pages\/536\/revisions"}],"predecessor-version":[{"id":814,"href":"https:\/\/beevanlife.com\/index.php?rest_route=\/wp\/v2\/pages\/536\/revisions\/814"}],"wp:attachment":[{"href":"https:\/\/beevanlife.com\/index.php?rest_route=%2Fwp%2Fv2%2Fmedia&parent=536"}],"curies":[{"name":"wp","href":"https:\/\/api.w.org\/{rel}","templated":true}]}}