{"id":224,"date":"2022-04-12T12:41:15","date_gmt":"2022-04-12T10:41:15","guid":{"rendered":"http:\/\/d.r2.wbsprt.com\/beevanlife.com\/?post_type=product&#038;p=224"},"modified":"2026-05-10T16:59:31","modified_gmt":"2026-05-10T14:59:31","slug":"hrncek-cesta-je-ciel","status":"publish","type":"product","link":"https:\/\/beevanlife.com\/?product=hrncek-cesta-je-ciel","title":{"rendered":"Keramick\u00fd hrn\u010dek s potla\u010dou &#8211; kempovanie"},"content":{"rendered":"<p>Keramick\u00fd hrn\u010dek s obojstrannou potla\u010dou na t\u00e9mu kempovanie a cestovanie.<\/p>\n<p>Cesta je Cie\u013e!\u00a0 \/\u00a0 Domov je tam kde zaparkujem.<\/p>\n<p>Hrn\u010dek m\u00e1 objem 330lml,\u00a0 je vhodn\u00fd aj do um\u00fdva\u010dky riadu a mikrovlnky.<\/p>\n","protected":false},"excerpt":{"rendered":"<p>Keramick\u00fd hrn\u010dek s obojstrannou potla\u010dou. &#8222;Cesta je Cie\u013e!&#8220;\u00a0 a\u00a0 &#8222;Domov je tam kde zaparkujem.&#8220; Hrn\u010dek m\u00e1 objem 330lml,\u00a0 je vhodn\u00fd aj do um\u00fdva\u010dky riadu a mikrovlnky.<\/p>\n","protected":false},"featured_media":261,"comment_status":"open","ping_status":"closed","template":"","meta":{"_monsterinsights_skip_tracking":false,"_monsterinsights_sitenote_active":false,"_monsterinsights_sitenote_note":"","_monsterinsights_sitenote_category":0},"product_brand":[],"product_cat":[32],"product_tag":[],"class_list":{"0":"post-224","1":"product","2":"type-product","3":"status-publish","4":"has-post-thumbnail","6":"product_cat-keramicky-hrncek","7":"product_shipping_class-100-500g","8":"has-post-title","9":"has-post-date","10":"has-post-category","11":"has-post-tag","12":"has-post-comment","13":"has-post-author","14":"","16":"first","17":"instock","18":"shipping-taxable","19":"purchasable","20":"product-type-simple"},"aioseo_notices":[],"jetpack-related-posts":[],"jetpack_sharing_enabled":true,"builder_content":"","_links":{"self":[{"href":"https:\/\/beevanlife.com\/index.php?rest_route=\/wp\/v2\/product\/224","targetHints":{"allow":["GET"]}}],"collection":[{"href":"https:\/\/beevanlife.com\/index.php?rest_route=\/wp\/v2\/product"}],"about":[{"href":"https:\/\/beevanlife.com\/index.php?rest_route=\/wp\/v2\/types\/product"}],"replies":[{"embeddable":true,"href":"https:\/\/beevanlife.com\/index.php?rest_route=%2Fwp%2Fv2%2Fcomments&post=224"}],"version-history":[{"count":3,"href":"https:\/\/beevanlife.com\/index.php?rest_route=\/wp\/v2\/product\/224\/revisions"}],"predecessor-version":[{"id":597,"href":"https:\/\/beevanlife.com\/index.php?rest_route=\/wp\/v2\/product\/224\/revisions\/597"}],"wp:featuredmedia":[{"embeddable":true,"href":"https:\/\/beevanlife.com\/index.php?rest_route=\/wp\/v2\/media\/261"}],"wp:attachment":[{"href":"https:\/\/beevanlife.com\/index.php?rest_route=%2Fwp%2Fv2%2Fmedia&parent=224"}],"wp:term":[{"taxonomy":"product_brand","embeddable":true,"href":"https:\/\/beevanlife.com\/index.php?rest_route=%2Fwp%2Fv2%2Fproduct_brand&post=224"},{"taxonomy":"product_cat","embeddable":true,"href":"https:\/\/beevanlife.com\/index.php?rest_route=%2Fwp%2Fv2%2Fproduct_cat&post=224"},{"taxonomy":"product_tag","embeddable":true,"href":"https:\/\/beevanlife.com\/index.php?rest_route=%2Fwp%2Fv2%2Fproduct_tag&post=224"}],"curies":[{"name":"wp","href":"https:\/\/api.w.org\/{rel}","templated":true}]}}