{"id":437,"date":"2022-10-12T10:08:21","date_gmt":"2022-10-12T08:08:21","guid":{"rendered":"https:\/\/beevanlife.com\/?post_type=product&#038;p=437"},"modified":"2023-06-05T12:49:34","modified_gmt":"2023-06-05T10:49:34","slug":"klucenka-kempovanie-cestovanie-domov-je-tam-kde-zaparkujem","status":"publish","type":"product","link":"https:\/\/beevanlife.com\/?product=klucenka-kempovanie-cestovanie-domov-je-tam-kde-zaparkujem","title":{"rendered":"K\u013e\u00fa\u010denka kempovanie, cestovanie &#8211; Domov je tam kde zaparkujem."},"content":{"rendered":"<p>K\u013e\u00fa\u010denka kempovanie, cestovanie &#8211; Domov je tam kde zaparkujem.<\/p>\n<p>Koliesko 3x3cm, k\u013e\u00fa\u010denka kr\u00fa\u017eko s obr\u00e1zkom 3x3cm<\/p>\n","protected":false},"excerpt":{"rendered":"<p>K\u013e\u00fa\u010denka kempovanie cestovanie &#8211; Domov je tam kde zaparkujem.<\/p>\n<p>Koliesko 3x3cm, k\u013e\u00fa\u010denka kr\u00fa\u017eko s obr\u00e1zkom 3x3cm<\/p>\n","protected":false},"featured_media":419,"comment_status":"open","ping_status":"closed","template":"","meta":{"_monsterinsights_skip_tracking":false,"_monsterinsights_sitenote_active":false,"_monsterinsights_sitenote_note":"","_monsterinsights_sitenote_category":0},"product_brand":[],"product_cat":[51],"product_tag":[70,76,66,67],"class_list":{"0":"post-437","1":"product","2":"type-product","3":"status-publish","4":"has-post-thumbnail","6":"product_cat-klucenky","7":"product_tag-dekoracia-dekor","8":"product_tag-kempovanie","9":"product_tag-klucenka-keychain","10":"product_tag-vanlife-hippiebus-bus-camping-camp","11":"product_shipping_class-do-100g","12":"has-post-title","13":"has-post-date","14":"has-post-category","15":"has-post-tag","16":"has-post-comment","17":"has-post-author","18":"","20":"first","21":"instock","22":"shipping-taxable","23":"purchasable","24":"product-type-simple"},"aioseo_notices":[],"jetpack-related-posts":[],"jetpack_sharing_enabled":true,"builder_content":"","_links":{"self":[{"href":"https:\/\/beevanlife.com\/index.php?rest_route=\/wp\/v2\/product\/437","targetHints":{"allow":["GET"]}}],"collection":[{"href":"https:\/\/beevanlife.com\/index.php?rest_route=\/wp\/v2\/product"}],"about":[{"href":"https:\/\/beevanlife.com\/index.php?rest_route=\/wp\/v2\/types\/product"}],"replies":[{"embeddable":true,"href":"https:\/\/beevanlife.com\/index.php?rest_route=%2Fwp%2Fv2%2Fcomments&post=437"}],"version-history":[{"count":1,"href":"https:\/\/beevanlife.com\/index.php?rest_route=\/wp\/v2\/product\/437\/revisions"}],"predecessor-version":[{"id":693,"href":"https:\/\/beevanlife.com\/index.php?rest_route=\/wp\/v2\/product\/437\/revisions\/693"}],"wp:featuredmedia":[{"embeddable":true,"href":"https:\/\/beevanlife.com\/index.php?rest_route=\/wp\/v2\/media\/419"}],"wp:attachment":[{"href":"https:\/\/beevanlife.com\/index.php?rest_route=%2Fwp%2Fv2%2Fmedia&parent=437"}],"wp:term":[{"taxonomy":"product_brand","embeddable":true,"href":"https:\/\/beevanlife.com\/index.php?rest_route=%2Fwp%2Fv2%2Fproduct_brand&post=437"},{"taxonomy":"product_cat","embeddable":true,"href":"https:\/\/beevanlife.com\/index.php?rest_route=%2Fwp%2Fv2%2Fproduct_cat&post=437"},{"taxonomy":"product_tag","embeddable":true,"href":"https:\/\/beevanlife.com\/index.php?rest_route=%2Fwp%2Fv2%2Fproduct_tag&post=437"}],"curies":[{"name":"wp","href":"https:\/\/api.w.org\/{rel}","templated":true}]}}