{"id":439,"date":"2022-10-12T13:18:22","date_gmt":"2022-10-12T11:18:22","guid":{"rendered":"https:\/\/beevanlife.com\/?post_type=product&#038;p=439"},"modified":"2023-06-05T12:47:25","modified_gmt":"2023-06-05T10:47:25","slug":"naramok-priatelstva-smile-zlty","status":"publish","type":"product","link":"https:\/\/beevanlife.com\/?product=naramok-priatelstva-smile-zlty","title":{"rendered":"N\u00e1ramok priate\u013estva SMILE \u017elt\u00fd"},"content":{"rendered":"<p>N\u00e1ramok priate\u013estva SMILE &#8211; Usmej sa! Plastov\u00e9 kor\u00e1lky s \u00fasmevom pre kraj\u0161\u00ed de\u0148. N\u00e1ramok je na gumi\u010dke &#8211; ve\u013ekos\u0165 univerz\u00e1lna (obvod cca 18cm)<\/p>\n","protected":false},"excerpt":{"rendered":"<p>N\u00e1ramok priate\u013estva SMILE &#8211; Usmej sa! Plastov\u00e9 kor\u00e1lky s \u00fasmevom pre kraj\u0161\u00ed de\u0148. N\u00e1ramok je na gumi\u010dke &#8211; ve\u013ekos\u0165 univerz\u00e1lna (obvod cca 18cm)<\/p>\n","protected":false},"featured_media":420,"comment_status":"open","ping_status":"closed","template":"","meta":{"_monsterinsights_skip_tracking":false,"_monsterinsights_sitenote_active":false,"_monsterinsights_sitenote_note":"","_monsterinsights_sitenote_category":0},"product_brand":[],"product_cat":[26],"product_tag":[72,27,69],"class_list":{"0":"post-439","1":"product","2":"type-product","3":"status-publish","4":"has-post-thumbnail","6":"product_cat-naramky","7":"product_tag-koralky","8":"product_tag-naramok","9":"product_tag-suvenir-suveniry-tatry-vysoke-tatry","10":"product_shipping_class-do-100g","11":"has-post-title","12":"has-post-date","13":"has-post-category","14":"has-post-tag","15":"has-post-comment","16":"has-post-author","17":"","19":"first","20":"instock","21":"shipping-taxable","22":"purchasable","23":"product-type-simple"},"aioseo_notices":[],"jetpack-related-posts":[],"jetpack_sharing_enabled":true,"builder_content":"","_links":{"self":[{"href":"https:\/\/beevanlife.com\/index.php?rest_route=\/wp\/v2\/product\/439","targetHints":{"allow":["GET"]}}],"collection":[{"href":"https:\/\/beevanlife.com\/index.php?rest_route=\/wp\/v2\/product"}],"about":[{"href":"https:\/\/beevanlife.com\/index.php?rest_route=\/wp\/v2\/types\/product"}],"replies":[{"embeddable":true,"href":"https:\/\/beevanlife.com\/index.php?rest_route=%2Fwp%2Fv2%2Fcomments&post=439"}],"version-history":[{"count":1,"href":"https:\/\/beevanlife.com\/index.php?rest_route=\/wp\/v2\/product\/439\/revisions"}],"predecessor-version":[{"id":694,"href":"https:\/\/beevanlife.com\/index.php?rest_route=\/wp\/v2\/product\/439\/revisions\/694"}],"wp:featuredmedia":[{"embeddable":true,"href":"https:\/\/beevanlife.com\/index.php?rest_route=\/wp\/v2\/media\/420"}],"wp:attachment":[{"href":"https:\/\/beevanlife.com\/index.php?rest_route=%2Fwp%2Fv2%2Fmedia&parent=439"}],"wp:term":[{"taxonomy":"product_brand","embeddable":true,"href":"https:\/\/beevanlife.com\/index.php?rest_route=%2Fwp%2Fv2%2Fproduct_brand&post=439"},{"taxonomy":"product_cat","embeddable":true,"href":"https:\/\/beevanlife.com\/index.php?rest_route=%2Fwp%2Fv2%2Fproduct_cat&post=439"},{"taxonomy":"product_tag","embeddable":true,"href":"https:\/\/beevanlife.com\/index.php?rest_route=%2Fwp%2Fv2%2Fproduct_tag&post=439"}],"curies":[{"name":"wp","href":"https:\/\/api.w.org\/{rel}","templated":true}]}}