{"id":441,"date":"2022-10-12T13:24:30","date_gmt":"2022-10-12T11:24:30","guid":{"rendered":"https:\/\/beevanlife.com\/?post_type=product&#038;p=441"},"modified":"2026-01-01T00:14:14","modified_gmt":"2025-12-31T23:14:14","slug":"kovove-nausnice-s-plesnivcom","status":"publish","type":"product","link":"https:\/\/beevanlife.com\/?product=kovove-nausnice-s-plesnivcom","title":{"rendered":"Kovov\u00e9 n\u00e1u\u0161nice s plesnivcom"},"content":{"rendered":"<p>Kovov\u00e9 n\u00e1u\u0161nice na klasickom zap\u00ednan\u00ed s kovov\u00fd pr\u00edveskom v tvare plesnivec, alpsk\u00fd kvietok.<\/p>\n","protected":false},"excerpt":{"rendered":"<p>Kovov\u00e9 n\u00e1u\u0161nice na klasickom zap\u00ednan\u00ed s kovov\u00fd pr\u00edveskom v tvare plesnivec, alpsk\u00fd kvietok.<\/p>\n","protected":false},"featured_media":428,"comment_status":"open","ping_status":"closed","template":"","meta":{"_monsterinsights_skip_tracking":false,"_monsterinsights_sitenote_active":false,"_monsterinsights_sitenote_note":"","_monsterinsights_sitenote_category":0},"product_brand":[],"product_cat":[30],"product_tag":[68,78,28,69],"class_list":{"0":"post-441","1":"product","2":"type-product","3":"status-publish","4":"has-post-thumbnail","6":"product_cat-nausnice","7":"product_tag-kov-kovove","8":"product_tag-nausnice","9":"product_tag-privesok","10":"product_tag-suvenir-suveniry-tatry-vysoke-tatry","11":"product_shipping_class-do-100g","12":"has-post-title","13":"has-post-date","14":"has-post-category","15":"has-post-tag","16":"has-post-comment","17":"has-post-author","18":"","20":"first","21":"instock","22":"shipping-taxable","23":"purchasable","24":"product-type-simple"},"aioseo_notices":[],"jetpack-related-posts":[],"jetpack_sharing_enabled":true,"builder_content":"","_links":{"self":[{"href":"https:\/\/beevanlife.com\/index.php?rest_route=\/wp\/v2\/product\/441","targetHints":{"allow":["GET"]}}],"collection":[{"href":"https:\/\/beevanlife.com\/index.php?rest_route=\/wp\/v2\/product"}],"about":[{"href":"https:\/\/beevanlife.com\/index.php?rest_route=\/wp\/v2\/types\/product"}],"replies":[{"embeddable":true,"href":"https:\/\/beevanlife.com\/index.php?rest_route=%2Fwp%2Fv2%2Fcomments&post=441"}],"version-history":[{"count":1,"href":"https:\/\/beevanlife.com\/index.php?rest_route=\/wp\/v2\/product\/441\/revisions"}],"predecessor-version":[{"id":696,"href":"https:\/\/beevanlife.com\/index.php?rest_route=\/wp\/v2\/product\/441\/revisions\/696"}],"wp:featuredmedia":[{"embeddable":true,"href":"https:\/\/beevanlife.com\/index.php?rest_route=\/wp\/v2\/media\/428"}],"wp:attachment":[{"href":"https:\/\/beevanlife.com\/index.php?rest_route=%2Fwp%2Fv2%2Fmedia&parent=441"}],"wp:term":[{"taxonomy":"product_brand","embeddable":true,"href":"https:\/\/beevanlife.com\/index.php?rest_route=%2Fwp%2Fv2%2Fproduct_brand&post=441"},{"taxonomy":"product_cat","embeddable":true,"href":"https:\/\/beevanlife.com\/index.php?rest_route=%2Fwp%2Fv2%2Fproduct_cat&post=441"},{"taxonomy":"product_tag","embeddable":true,"href":"https:\/\/beevanlife.com\/index.php?rest_route=%2Fwp%2Fv2%2Fproduct_tag&post=441"}],"curies":[{"name":"wp","href":"https:\/\/api.w.org\/{rel}","templated":true}]}}