{"id":444,"date":"2022-10-12T13:41:07","date_gmt":"2022-10-12T11:41:07","guid":{"rendered":"https:\/\/beevanlife.com\/?post_type=product&#038;p=444"},"modified":"2025-07-29T10:12:16","modified_gmt":"2025-07-29T08:12:16","slug":"magnetka-kempovanie-domov-je-tam-kde-zaparkujem","status":"publish","type":"product","link":"https:\/\/beevanlife.com\/?product=magnetka-kempovanie-domov-je-tam-kde-zaparkujem","title":{"rendered":"Magnetka, kempovanie &#8211; Domov je tam kde zaparkujem."},"content":{"rendered":"<p>Magnetka, kempovanie &#8211; Domov je tam kde zaparkujem.<\/p>\n<p>Magnetka je z hrubej magnetickej f\u00f3lii v ochrannom priesvitnom obale. Ve\u013ekos\u0165 6x6cm<\/p>\n","protected":false},"excerpt":{"rendered":"<p>Magnetka, kempovanie &#8211; Domov je tam kde zaparkujem.<\/p>\n<p>Magnetka je z hrubej magnetickej f\u00f3lii v ochrannom priesvitnom obale. Ve\u013ekos\u0165 6x6cm<\/p>\n","protected":false},"featured_media":422,"comment_status":"open","ping_status":"closed","template":"","meta":{"_monsterinsights_skip_tracking":false,"_monsterinsights_sitenote_active":false,"_monsterinsights_sitenote_note":"","_monsterinsights_sitenote_category":0},"product_brand":[],"product_cat":[53],"product_tag":[70,76,71,69,67],"class_list":{"0":"post-444","1":"product","2":"type-product","3":"status-publish","4":"has-post-thumbnail","6":"product_cat-magnetky","7":"product_tag-dekoracia-dekor","8":"product_tag-kempovanie","9":"product_tag-magnetka","10":"product_tag-suvenir-suveniry-tatry-vysoke-tatry","11":"product_tag-vanlife-hippiebus-bus-camping-camp","12":"product_shipping_class-do-100g","13":"has-post-title","14":"has-post-date","15":"has-post-category","16":"has-post-tag","17":"has-post-comment","18":"has-post-author","19":"","21":"first","22":"instock","23":"shipping-taxable","24":"purchasable","25":"product-type-simple"},"aioseo_notices":[],"jetpack-related-posts":[],"jetpack_sharing_enabled":true,"builder_content":"","_links":{"self":[{"href":"https:\/\/beevanlife.com\/index.php?rest_route=\/wp\/v2\/product\/444","targetHints":{"allow":["GET"]}}],"collection":[{"href":"https:\/\/beevanlife.com\/index.php?rest_route=\/wp\/v2\/product"}],"about":[{"href":"https:\/\/beevanlife.com\/index.php?rest_route=\/wp\/v2\/types\/product"}],"replies":[{"embeddable":true,"href":"https:\/\/beevanlife.com\/index.php?rest_route=%2Fwp%2Fv2%2Fcomments&post=444"}],"version-history":[{"count":1,"href":"https:\/\/beevanlife.com\/index.php?rest_route=\/wp\/v2\/product\/444\/revisions"}],"predecessor-version":[{"id":697,"href":"https:\/\/beevanlife.com\/index.php?rest_route=\/wp\/v2\/product\/444\/revisions\/697"}],"wp:featuredmedia":[{"embeddable":true,"href":"https:\/\/beevanlife.com\/index.php?rest_route=\/wp\/v2\/media\/422"}],"wp:attachment":[{"href":"https:\/\/beevanlife.com\/index.php?rest_route=%2Fwp%2Fv2%2Fmedia&parent=444"}],"wp:term":[{"taxonomy":"product_brand","embeddable":true,"href":"https:\/\/beevanlife.com\/index.php?rest_route=%2Fwp%2Fv2%2Fproduct_brand&post=444"},{"taxonomy":"product_cat","embeddable":true,"href":"https:\/\/beevanlife.com\/index.php?rest_route=%2Fwp%2Fv2%2Fproduct_cat&post=444"},{"taxonomy":"product_tag","embeddable":true,"href":"https:\/\/beevanlife.com\/index.php?rest_route=%2Fwp%2Fv2%2Fproduct_tag&post=444"}],"curies":[{"name":"wp","href":"https:\/\/api.w.org\/{rel}","templated":true}]}}