{"id":599,"date":"2023-05-08T13:35:12","date_gmt":"2023-05-08T11:35:12","guid":{"rendered":"https:\/\/beevanlife.com\/?post_type=product&#038;p=599"},"modified":"2023-06-05T12:43:25","modified_gmt":"2023-06-05T10:43:25","slug":"naramok-z-polodrahokamov-laska-je-stastie-ktore-si-davame-navzajom","status":"publish","type":"product","link":"https:\/\/beevanlife.com\/?product=naramok-z-polodrahokamov-laska-je-stastie-ktore-si-davame-navzajom","title":{"rendered":"N\u00e1ramok z polodrahokamov L\u00e1ska je \u0160\u0165astie ktor\u00e9 si d\u00e1vame navz\u00e1jom."},"content":{"rendered":"<p>N\u00e1ramok z polodrahokamov s perle\u0165ov\u00fdm srdie\u010dkom. N\u00e1ramok je na gumi\u010dke, m\u00e1 ve\u013ekos\u0165 cca 18cm.<\/p>\n<p>Zlo\u017eenie: kor\u00e1lky s priemerom 8mm: ru\u017een\u00edn, kri\u0161t\u00e1l, tyrkys, ametyst, lapis lazuli.<\/p>\n","protected":false},"excerpt":{"rendered":"<p>N\u00e1ramok z polodrahokamov s perle\u0165ov\u00fdm srdie\u010dkom. N\u00e1ramok je na gumi\u010dke, m\u00e1 ve\u013ekos\u0165 cca 18cm. Zlo\u017eenie: kor\u00e1lky s priemerom 8mm: ru\u017een\u00edn, kri\u0161t\u00e1l, tyrkys, ametyst, lapis lazuli.<\/p>\n","protected":false},"featured_media":510,"comment_status":"open","ping_status":"closed","template":"","meta":{"_monsterinsights_skip_tracking":false,"_monsterinsights_sitenote_active":false,"_monsterinsights_sitenote_note":"","_monsterinsights_sitenote_category":0},"product_brand":[],"product_cat":[26],"product_tag":[72,27,45,69,67],"class_list":{"0":"post-599","1":"product","2":"type-product","3":"status-publish","4":"has-post-thumbnail","6":"product_cat-naramky","7":"product_tag-koralky","8":"product_tag-naramok","9":"product_tag-polodrahokamy","10":"product_tag-suvenir-suveniry-tatry-vysoke-tatry","11":"product_tag-vanlife-hippiebus-bus-camping-camp","12":"product_shipping_class-do-100g","13":"has-post-title","14":"has-post-date","15":"has-post-category","16":"has-post-tag","17":"has-post-comment","18":"has-post-author","19":"","21":"first","22":"instock","23":"shipping-taxable","24":"purchasable","25":"product-type-simple"},"aioseo_notices":[],"jetpack-related-posts":[],"jetpack_sharing_enabled":true,"builder_content":"","_links":{"self":[{"href":"https:\/\/beevanlife.com\/index.php?rest_route=\/wp\/v2\/product\/599","targetHints":{"allow":["GET"]}}],"collection":[{"href":"https:\/\/beevanlife.com\/index.php?rest_route=\/wp\/v2\/product"}],"about":[{"href":"https:\/\/beevanlife.com\/index.php?rest_route=\/wp\/v2\/types\/product"}],"replies":[{"embeddable":true,"href":"https:\/\/beevanlife.com\/index.php?rest_route=%2Fwp%2Fv2%2Fcomments&post=599"}],"version-history":[{"count":1,"href":"https:\/\/beevanlife.com\/index.php?rest_route=\/wp\/v2\/product\/599\/revisions"}],"predecessor-version":[{"id":600,"href":"https:\/\/beevanlife.com\/index.php?rest_route=\/wp\/v2\/product\/599\/revisions\/600"}],"wp:featuredmedia":[{"embeddable":true,"href":"https:\/\/beevanlife.com\/index.php?rest_route=\/wp\/v2\/media\/510"}],"wp:attachment":[{"href":"https:\/\/beevanlife.com\/index.php?rest_route=%2Fwp%2Fv2%2Fmedia&parent=599"}],"wp:term":[{"taxonomy":"product_brand","embeddable":true,"href":"https:\/\/beevanlife.com\/index.php?rest_route=%2Fwp%2Fv2%2Fproduct_brand&post=599"},{"taxonomy":"product_cat","embeddable":true,"href":"https:\/\/beevanlife.com\/index.php?rest_route=%2Fwp%2Fv2%2Fproduct_cat&post=599"},{"taxonomy":"product_tag","embeddable":true,"href":"https:\/\/beevanlife.com\/index.php?rest_route=%2Fwp%2Fv2%2Fproduct_tag&post=599"}],"curies":[{"name":"wp","href":"https:\/\/api.w.org\/{rel}","templated":true}]}}