{"id":609,"date":"2023-05-08T13:43:52","date_gmt":"2023-05-08T11:43:52","guid":{"rendered":"https:\/\/beevanlife.com\/?post_type=product&#038;p=609"},"modified":"2023-06-05T12:42:05","modified_gmt":"2023-06-05T10:42:05","slug":"naramok-skleneny-s-plesnivcom-dreveny","status":"publish","type":"product","link":"https:\/\/beevanlife.com\/?product=naramok-skleneny-s-plesnivcom-dreveny","title":{"rendered":"N\u00e1ramok sklenen\u00fd s plesnivcom &#8211; dreven\u00fd"},"content":{"rendered":"<p>N\u00e1ramok sklenen\u00fd s plesnivcom &#8211; dreven\u00fd<\/p>\n<p>N\u00e1ramok je zo sklenen\u00fdch kor\u00e1lok s priemerom 6mm, a s kovov\u00fdm pr\u00edveskom v tvare kvietku plesnivca.<\/p>\n<p>N\u00e1ramok je na gumi\u010dke, ve\u013ekos\u0165 cca 18cm.<\/p>\n","protected":false},"excerpt":{"rendered":"<p>N\u00e1ramok sklenen\u00fd s plesnivcom &#8211; dreven\u00fd N\u00e1ramok je zo sklenen\u00fdch kor\u00e1lok s priemerom 6mm, a s kovov\u00fdm pr\u00edveskom v tvare kvietku plesnivca. N\u00e1ramok je na gumi\u010dke, ve\u013ekos\u0165 cca 18cm.<\/p>\n","protected":false},"featured_media":431,"comment_status":"open","ping_status":"closed","template":"","meta":{"_monsterinsights_skip_tracking":false,"_monsterinsights_sitenote_active":false,"_monsterinsights_sitenote_note":"","_monsterinsights_sitenote_category":0},"product_brand":[],"product_cat":[26],"product_tag":[73,72,27,69,67],"class_list":{"0":"post-609","1":"product","2":"type-product","3":"status-publish","4":"has-post-thumbnail","6":"product_cat-naramky","7":"product_tag-drevo","8":"product_tag-koralky","9":"product_tag-naramok","10":"product_tag-suvenir-suveniry-tatry-vysoke-tatry","11":"product_tag-vanlife-hippiebus-bus-camping-camp","12":"product_shipping_class-do-100g","13":"has-post-title","14":"has-post-date","15":"has-post-category","16":"has-post-tag","17":"has-post-comment","18":"has-post-author","19":"","21":"first","22":"instock","23":"shipping-taxable","24":"purchasable","25":"product-type-simple"},"aioseo_notices":[],"jetpack-related-posts":[],"jetpack_sharing_enabled":true,"builder_content":"","_links":{"self":[{"href":"https:\/\/beevanlife.com\/index.php?rest_route=\/wp\/v2\/product\/609","targetHints":{"allow":["GET"]}}],"collection":[{"href":"https:\/\/beevanlife.com\/index.php?rest_route=\/wp\/v2\/product"}],"about":[{"href":"https:\/\/beevanlife.com\/index.php?rest_route=\/wp\/v2\/types\/product"}],"replies":[{"embeddable":true,"href":"https:\/\/beevanlife.com\/index.php?rest_route=%2Fwp%2Fv2%2Fcomments&post=609"}],"version-history":[{"count":2,"href":"https:\/\/beevanlife.com\/index.php?rest_route=\/wp\/v2\/product\/609\/revisions"}],"predecessor-version":[{"id":611,"href":"https:\/\/beevanlife.com\/index.php?rest_route=\/wp\/v2\/product\/609\/revisions\/611"}],"wp:featuredmedia":[{"embeddable":true,"href":"https:\/\/beevanlife.com\/index.php?rest_route=\/wp\/v2\/media\/431"}],"wp:attachment":[{"href":"https:\/\/beevanlife.com\/index.php?rest_route=%2Fwp%2Fv2%2Fmedia&parent=609"}],"wp:term":[{"taxonomy":"product_brand","embeddable":true,"href":"https:\/\/beevanlife.com\/index.php?rest_route=%2Fwp%2Fv2%2Fproduct_brand&post=609"},{"taxonomy":"product_cat","embeddable":true,"href":"https:\/\/beevanlife.com\/index.php?rest_route=%2Fwp%2Fv2%2Fproduct_cat&post=609"},{"taxonomy":"product_tag","embeddable":true,"href":"https:\/\/beevanlife.com\/index.php?rest_route=%2Fwp%2Fv2%2Fproduct_tag&post=609"}],"curies":[{"name":"wp","href":"https:\/\/api.w.org\/{rel}","templated":true}]}}