{"id":612,"date":"2023-05-08T13:45:42","date_gmt":"2023-05-08T11:45:42","guid":{"rendered":"https:\/\/beevanlife.com\/?post_type=product&#038;p=612"},"modified":"2024-06-05T21:37:22","modified_gmt":"2024-06-05T19:37:22","slug":"magnetka-vysoke-tatry-leto-mix","status":"publish","type":"product","link":"https:\/\/beevanlife.com\/?product=magnetka-vysoke-tatry-leto-mix","title":{"rendered":"Magnetka, Vysok\u00e9 Tatry &#8211; Leto mix"},"content":{"rendered":"<p>Magnetka, Vysok\u00e9 Tatry &#8211; Leto mix. Magnetka je z hrubej magnetickej f\u00f3lii v ochrannom priesvitnom obale. Ve\u013ekos\u0165 6x10cm<\/p>\n","protected":false},"excerpt":{"rendered":"<p>Magnetka, kempovanie &#8211; Najlep\u0161\u00ed hotel m\u00e1 mili\u00f3ny hviezd! Magnetka je z hrubej magnetickej f\u00f3lii v ochrannom priesvitnom obale. Ve\u013ekos\u0165 6x10cm<\/p>\n","protected":false},"featured_media":509,"comment_status":"open","ping_status":"closed","template":"","meta":{"_monsterinsights_skip_tracking":false,"_monsterinsights_sitenote_active":false,"_monsterinsights_sitenote_note":"","_monsterinsights_sitenote_category":0},"product_brand":[],"product_cat":[53],"product_tag":[71,69],"class_list":{"0":"post-612","1":"product","2":"type-product","3":"status-publish","4":"has-post-thumbnail","6":"product_cat-magnetky","7":"product_tag-magnetka","8":"product_tag-suvenir-suveniry-tatry-vysoke-tatry","9":"product_shipping_class-do-100g","10":"has-post-title","11":"has-post-date","12":"has-post-category","13":"has-post-tag","14":"has-post-comment","15":"has-post-author","16":"","18":"first","19":"instock","20":"sale","21":"shipping-taxable","22":"purchasable","23":"product-type-simple"},"aioseo_notices":[],"jetpack-related-posts":[],"jetpack_sharing_enabled":true,"builder_content":"","_links":{"self":[{"href":"https:\/\/beevanlife.com\/index.php?rest_route=\/wp\/v2\/product\/612","targetHints":{"allow":["GET"]}}],"collection":[{"href":"https:\/\/beevanlife.com\/index.php?rest_route=\/wp\/v2\/product"}],"about":[{"href":"https:\/\/beevanlife.com\/index.php?rest_route=\/wp\/v2\/types\/product"}],"replies":[{"embeddable":true,"href":"https:\/\/beevanlife.com\/index.php?rest_route=%2Fwp%2Fv2%2Fcomments&post=612"}],"version-history":[{"count":2,"href":"https:\/\/beevanlife.com\/index.php?rest_route=\/wp\/v2\/product\/612\/revisions"}],"predecessor-version":[{"id":614,"href":"https:\/\/beevanlife.com\/index.php?rest_route=\/wp\/v2\/product\/612\/revisions\/614"}],"wp:featuredmedia":[{"embeddable":true,"href":"https:\/\/beevanlife.com\/index.php?rest_route=\/wp\/v2\/media\/509"}],"wp:attachment":[{"href":"https:\/\/beevanlife.com\/index.php?rest_route=%2Fwp%2Fv2%2Fmedia&parent=612"}],"wp:term":[{"taxonomy":"product_brand","embeddable":true,"href":"https:\/\/beevanlife.com\/index.php?rest_route=%2Fwp%2Fv2%2Fproduct_brand&post=612"},{"taxonomy":"product_cat","embeddable":true,"href":"https:\/\/beevanlife.com\/index.php?rest_route=%2Fwp%2Fv2%2Fproduct_cat&post=612"},{"taxonomy":"product_tag","embeddable":true,"href":"https:\/\/beevanlife.com\/index.php?rest_route=%2Fwp%2Fv2%2Fproduct_tag&post=612"}],"curies":[{"name":"wp","href":"https:\/\/api.w.org\/{rel}","templated":true}]}}