{"id":628,"date":"2023-05-08T14:18:41","date_gmt":"2023-05-08T12:18:41","guid":{"rendered":"https:\/\/beevanlife.com\/?post_type=product&#038;p=628"},"modified":"2023-06-05T12:31:15","modified_gmt":"2023-06-05T10:31:15","slug":"naramok-paracord-s-plesnivcom","status":"publish","type":"product","link":"https:\/\/beevanlife.com\/?product=naramok-paracord-s-plesnivcom","title":{"rendered":"N\u00e1ramok paracord s plesnivcom"},"content":{"rendered":"<p>N\u00e1ramok paracord s kovov\u00fdm pr\u00edveskom, plesnivcom. N\u00e1ramok m\u00e1 nastavite\u013en\u00fa d\u013a\u017eku.<\/p>\n","protected":false},"excerpt":{"rendered":"<p>N\u00e1ramok paracord s kovov\u00fdm pr\u00edveskom, plesnivcom. N\u00e1ramok m\u00e1 nastavite\u013en\u00fa d\u013a\u017eku.<\/p>\n","protected":false},"featured_media":361,"comment_status":"open","ping_status":"closed","template":"","meta":{"_monsterinsights_skip_tracking":false,"_monsterinsights_sitenote_active":false,"_monsterinsights_sitenote_note":"","_monsterinsights_sitenote_category":0},"product_brand":[],"product_cat":[26],"product_tag":[68,27,64,69,67],"class_list":{"0":"post-628","1":"product","2":"type-product","3":"status-publish","4":"has-post-thumbnail","6":"product_cat-naramky","7":"product_tag-kov-kovove","8":"product_tag-naramok","9":"product_tag-paracord","10":"product_tag-suvenir-suveniry-tatry-vysoke-tatry","11":"product_tag-vanlife-hippiebus-bus-camping-camp","12":"product_shipping_class-do-100g","13":"has-post-title","14":"has-post-date","15":"has-post-category","16":"has-post-tag","17":"has-post-comment","18":"has-post-author","19":"","21":"first","22":"instock","23":"shipping-taxable","24":"purchasable","25":"product-type-variable"},"aioseo_notices":[],"jetpack-related-posts":[],"jetpack_sharing_enabled":true,"builder_content":"","_links":{"self":[{"href":"https:\/\/beevanlife.com\/index.php?rest_route=\/wp\/v2\/product\/628","targetHints":{"allow":["GET"]}}],"collection":[{"href":"https:\/\/beevanlife.com\/index.php?rest_route=\/wp\/v2\/product"}],"about":[{"href":"https:\/\/beevanlife.com\/index.php?rest_route=\/wp\/v2\/types\/product"}],"replies":[{"embeddable":true,"href":"https:\/\/beevanlife.com\/index.php?rest_route=%2Fwp%2Fv2%2Fcomments&post=628"}],"version-history":[{"count":2,"href":"https:\/\/beevanlife.com\/index.php?rest_route=\/wp\/v2\/product\/628\/revisions"}],"predecessor-version":[{"id":633,"href":"https:\/\/beevanlife.com\/index.php?rest_route=\/wp\/v2\/product\/628\/revisions\/633"}],"wp:featuredmedia":[{"embeddable":true,"href":"https:\/\/beevanlife.com\/index.php?rest_route=\/wp\/v2\/media\/361"}],"wp:attachment":[{"href":"https:\/\/beevanlife.com\/index.php?rest_route=%2Fwp%2Fv2%2Fmedia&parent=628"}],"wp:term":[{"taxonomy":"product_brand","embeddable":true,"href":"https:\/\/beevanlife.com\/index.php?rest_route=%2Fwp%2Fv2%2Fproduct_brand&post=628"},{"taxonomy":"product_cat","embeddable":true,"href":"https:\/\/beevanlife.com\/index.php?rest_route=%2Fwp%2Fv2%2Fproduct_cat&post=628"},{"taxonomy":"product_tag","embeddable":true,"href":"https:\/\/beevanlife.com\/index.php?rest_route=%2Fwp%2Fv2%2Fproduct_tag&post=628"}],"curies":[{"name":"wp","href":"https:\/\/api.w.org\/{rel}","templated":true}]}}