{"id":655,"date":"2023-05-26T11:51:37","date_gmt":"2023-05-26T09:51:37","guid":{"rendered":"https:\/\/beevanlife.com\/?post_type=product&#038;p=655"},"modified":"2023-06-05T12:30:30","modified_gmt":"2023-06-05T10:30:30","slug":"klucenka-mountain-edelweiss","status":"publish","type":"product","link":"https:\/\/beevanlife.com\/?product=klucenka-mountain-edelweiss","title":{"rendered":"K\u013e\u00fa\u010denka &#8211; Mountain edelweiss"},"content":{"rendered":"<p>Kovov\u00e1 k\u013e\u00fa\u010denka &#8211; Mountain edelweiss<\/p>\n<p>Zlo\u017eenie: karab\u00ednka, koliesko na k\u013e\u00fa\u010de, pr\u00edvesok plesnivec a pr\u00edvesok hory.<\/p>\n<p>K\u013e\u00fa\u010denka m\u00e1 rozmery cca 5&#215;2,5cm.<\/p>\n","protected":false},"excerpt":{"rendered":"<p>Kovov\u00e1 k\u013e\u00fa\u010denka &#8211; Mountain edelweiss Zlo\u017eenie: karab\u00ednka, koliesko na k\u013e\u00fa\u010de, pr\u00edvesok plesnivec a pr\u00edvesok hory. K\u013e\u00fa\u010denka m\u00e1 rozmery cca 5&#215;2,5cm.<\/p>\n","protected":false},"featured_media":653,"comment_status":"open","ping_status":"closed","template":"","meta":{"_monsterinsights_skip_tracking":false,"_monsterinsights_sitenote_active":false,"_monsterinsights_sitenote_note":"","_monsterinsights_sitenote_category":0},"product_brand":[],"product_cat":[51],"product_tag":[66,68,69],"class_list":{"0":"post-655","1":"product","2":"type-product","3":"status-publish","4":"has-post-thumbnail","6":"product_cat-klucenky","7":"product_tag-klucenka-keychain","8":"product_tag-kov-kovove","9":"product_tag-suvenir-suveniry-tatry-vysoke-tatry","10":"product_shipping_class-do-100g","11":"has-post-title","12":"has-post-date","13":"has-post-category","14":"has-post-tag","15":"has-post-comment","16":"has-post-author","17":"","19":"first","20":"instock","21":"shipping-taxable","22":"purchasable","23":"product-type-simple"},"aioseo_notices":[],"jetpack-related-posts":[],"jetpack_sharing_enabled":true,"builder_content":"","_links":{"self":[{"href":"https:\/\/beevanlife.com\/index.php?rest_route=\/wp\/v2\/product\/655","targetHints":{"allow":["GET"]}}],"collection":[{"href":"https:\/\/beevanlife.com\/index.php?rest_route=\/wp\/v2\/product"}],"about":[{"href":"https:\/\/beevanlife.com\/index.php?rest_route=\/wp\/v2\/types\/product"}],"replies":[{"embeddable":true,"href":"https:\/\/beevanlife.com\/index.php?rest_route=%2Fwp%2Fv2%2Fcomments&post=655"}],"version-history":[{"count":1,"href":"https:\/\/beevanlife.com\/index.php?rest_route=\/wp\/v2\/product\/655\/revisions"}],"predecessor-version":[{"id":656,"href":"https:\/\/beevanlife.com\/index.php?rest_route=\/wp\/v2\/product\/655\/revisions\/656"}],"wp:featuredmedia":[{"embeddable":true,"href":"https:\/\/beevanlife.com\/index.php?rest_route=\/wp\/v2\/media\/653"}],"wp:attachment":[{"href":"https:\/\/beevanlife.com\/index.php?rest_route=%2Fwp%2Fv2%2Fmedia&parent=655"}],"wp:term":[{"taxonomy":"product_brand","embeddable":true,"href":"https:\/\/beevanlife.com\/index.php?rest_route=%2Fwp%2Fv2%2Fproduct_brand&post=655"},{"taxonomy":"product_cat","embeddable":true,"href":"https:\/\/beevanlife.com\/index.php?rest_route=%2Fwp%2Fv2%2Fproduct_cat&post=655"},{"taxonomy":"product_tag","embeddable":true,"href":"https:\/\/beevanlife.com\/index.php?rest_route=%2Fwp%2Fv2%2Fproduct_tag&post=655"}],"curies":[{"name":"wp","href":"https:\/\/api.w.org\/{rel}","templated":true}]}}