{"id":659,"date":"2023-05-26T11:58:41","date_gmt":"2023-05-26T09:58:41","guid":{"rendered":"https:\/\/beevanlife.com\/?post_type=product&#038;p=659"},"modified":"2023-11-17T13:25:00","modified_gmt":"2023-11-17T12:25:00","slug":"nahrdelnik-hippie-van","status":"publish","type":"product","link":"https:\/\/beevanlife.com\/?product=nahrdelnik-hippie-van","title":{"rendered":"N\u00e1hrdeln\u00edk &#8211; Hippie van"},"content":{"rendered":"<p>N\u00e1hrdeln\u00edk s kovov\u00fdm pr\u00edveskom &#8211; Hippie van.<\/p>\n<p>D\u013a\u017eka n\u00e1hrdeln\u00edku je nastavite\u013en\u00e1 cca od 40cm do 70cm. \u0160n\u00farka je bavlnen\u00e1, hrub\u00e1 2mm.<\/p>\n<p>&nbsp;<\/p>\n","protected":false},"excerpt":{"rendered":"<p>N\u00e1hrdeln\u00edk s kovov\u00fdm pr\u00edveskom &#8211; Hippie van. D\u013a\u017eka n\u00e1hrdeln\u00edku je nastavite\u013en\u00e1 cca od 40cm do 70cm. \u0160n\u00farka je bavlnen\u00e1, hrub\u00e1 2mm. &nbsp;<\/p>\n","protected":false},"featured_media":486,"comment_status":"open","ping_status":"closed","template":"","meta":{"_monsterinsights_skip_tracking":false,"_monsterinsights_sitenote_active":false,"_monsterinsights_sitenote_note":"","_monsterinsights_sitenote_category":0},"product_brand":[],"product_cat":[33],"product_tag":[68,65,28,67],"class_list":{"0":"post-659","1":"product","2":"type-product","3":"status-publish","4":"has-post-thumbnail","6":"product_cat-nahrdelniky","7":"product_tag-kov-kovove","8":"product_tag-nahrdelnik","9":"product_tag-privesok","10":"product_tag-vanlife-hippiebus-bus-camping-camp","11":"product_shipping_class-do-100g","12":"has-post-title","13":"has-post-date","14":"has-post-category","15":"has-post-tag","16":"has-post-comment","17":"has-post-author","18":"","20":"first","21":"instock","22":"shipping-taxable","23":"purchasable","24":"product-type-simple"},"aioseo_notices":[],"jetpack-related-posts":[],"jetpack_sharing_enabled":true,"builder_content":"","_links":{"self":[{"href":"https:\/\/beevanlife.com\/index.php?rest_route=\/wp\/v2\/product\/659","targetHints":{"allow":["GET"]}}],"collection":[{"href":"https:\/\/beevanlife.com\/index.php?rest_route=\/wp\/v2\/product"}],"about":[{"href":"https:\/\/beevanlife.com\/index.php?rest_route=\/wp\/v2\/types\/product"}],"replies":[{"embeddable":true,"href":"https:\/\/beevanlife.com\/index.php?rest_route=%2Fwp%2Fv2%2Fcomments&post=659"}],"version-history":[{"count":1,"href":"https:\/\/beevanlife.com\/index.php?rest_route=\/wp\/v2\/product\/659\/revisions"}],"predecessor-version":[{"id":660,"href":"https:\/\/beevanlife.com\/index.php?rest_route=\/wp\/v2\/product\/659\/revisions\/660"}],"wp:featuredmedia":[{"embeddable":true,"href":"https:\/\/beevanlife.com\/index.php?rest_route=\/wp\/v2\/media\/486"}],"wp:attachment":[{"href":"https:\/\/beevanlife.com\/index.php?rest_route=%2Fwp%2Fv2%2Fmedia&parent=659"}],"wp:term":[{"taxonomy":"product_brand","embeddable":true,"href":"https:\/\/beevanlife.com\/index.php?rest_route=%2Fwp%2Fv2%2Fproduct_brand&post=659"},{"taxonomy":"product_cat","embeddable":true,"href":"https:\/\/beevanlife.com\/index.php?rest_route=%2Fwp%2Fv2%2Fproduct_cat&post=659"},{"taxonomy":"product_tag","embeddable":true,"href":"https:\/\/beevanlife.com\/index.php?rest_route=%2Fwp%2Fv2%2Fproduct_tag&post=659"}],"curies":[{"name":"wp","href":"https:\/\/api.w.org\/{rel}","templated":true}]}}