{"id":662,"date":"2023-05-26T12:01:54","date_gmt":"2023-05-26T10:01:54","guid":{"rendered":"https:\/\/beevanlife.com\/?post_type=product&#038;p=662"},"modified":"2024-04-24T09:15:47","modified_gmt":"2024-04-24T07:15:47","slug":"nahrdelnik-mountain-cabin","status":"publish","type":"product","link":"https:\/\/beevanlife.com\/?product=nahrdelnik-mountain-cabin","title":{"rendered":"N\u00e1hrdeln\u00edk &#8211; Mountain cabin"},"content":{"rendered":"<p>N\u00e1hrdeln\u00edk s kovov\u00fdm pr\u00edveskom &#8211; Mountain cabin.<\/p>\n<p>D\u013a\u017eka n\u00e1hrdeln\u00edku je nastavite\u013en\u00e1 cca od 40cm do 70cm. \u0160n\u00farka je bavlnen\u00e1, hrub\u00e1 2mm.<\/p>\n<p>&nbsp;<\/p>\n","protected":false},"excerpt":{"rendered":"<p>N\u00e1hrdeln\u00edk s kovov\u00fdm pr\u00edveskom &#8211; Mountain cabin. D\u013a\u017eka n\u00e1hrdeln\u00edku je nastavite\u013en\u00e1 cca od 40cm do 70cm. \u0160n\u00farka je bavlnen\u00e1, hrub\u00e1 2mm. &nbsp;<\/p>\n","protected":false},"featured_media":789,"comment_status":"open","ping_status":"closed","template":"","meta":{"_monsterinsights_skip_tracking":false,"_monsterinsights_sitenote_active":false,"_monsterinsights_sitenote_note":"","_monsterinsights_sitenote_category":0},"product_brand":[],"product_cat":[33],"product_tag":[68,65,28,69,67],"class_list":{"0":"post-662","1":"product","2":"type-product","3":"status-publish","4":"has-post-thumbnail","6":"product_cat-nahrdelniky","7":"product_tag-kov-kovove","8":"product_tag-nahrdelnik","9":"product_tag-privesok","10":"product_tag-suvenir-suveniry-tatry-vysoke-tatry","11":"product_tag-vanlife-hippiebus-bus-camping-camp","12":"product_shipping_class-do-100g","13":"has-post-title","14":"has-post-date","15":"has-post-category","16":"has-post-tag","17":"has-post-comment","18":"has-post-author","19":"","21":"first","22":"instock","23":"shipping-taxable","24":"purchasable","25":"product-type-simple"},"aioseo_notices":[],"jetpack-related-posts":[],"jetpack_sharing_enabled":true,"builder_content":"","_links":{"self":[{"href":"https:\/\/beevanlife.com\/index.php?rest_route=\/wp\/v2\/product\/662","targetHints":{"allow":["GET"]}}],"collection":[{"href":"https:\/\/beevanlife.com\/index.php?rest_route=\/wp\/v2\/product"}],"about":[{"href":"https:\/\/beevanlife.com\/index.php?rest_route=\/wp\/v2\/types\/product"}],"replies":[{"embeddable":true,"href":"https:\/\/beevanlife.com\/index.php?rest_route=%2Fwp%2Fv2%2Fcomments&post=662"}],"version-history":[{"count":2,"href":"https:\/\/beevanlife.com\/index.php?rest_route=\/wp\/v2\/product\/662\/revisions"}],"predecessor-version":[{"id":664,"href":"https:\/\/beevanlife.com\/index.php?rest_route=\/wp\/v2\/product\/662\/revisions\/664"}],"wp:featuredmedia":[{"embeddable":true,"href":"https:\/\/beevanlife.com\/index.php?rest_route=\/wp\/v2\/media\/789"}],"wp:attachment":[{"href":"https:\/\/beevanlife.com\/index.php?rest_route=%2Fwp%2Fv2%2Fmedia&parent=662"}],"wp:term":[{"taxonomy":"product_brand","embeddable":true,"href":"https:\/\/beevanlife.com\/index.php?rest_route=%2Fwp%2Fv2%2Fproduct_brand&post=662"},{"taxonomy":"product_cat","embeddable":true,"href":"https:\/\/beevanlife.com\/index.php?rest_route=%2Fwp%2Fv2%2Fproduct_cat&post=662"},{"taxonomy":"product_tag","embeddable":true,"href":"https:\/\/beevanlife.com\/index.php?rest_route=%2Fwp%2Fv2%2Fproduct_tag&post=662"}],"curies":[{"name":"wp","href":"https:\/\/api.w.org\/{rel}","templated":true}]}}