{"id":757,"date":"2023-09-04T08:45:13","date_gmt":"2023-09-04T06:45:13","guid":{"rendered":"https:\/\/beevanlife.com\/?post_type=product&#038;p=757"},"modified":"2026-03-13T10:38:40","modified_gmt":"2026-03-13T09:38:40","slug":"bavlnene-vrecko-na-zips-luka","status":"publish","type":"product","link":"https:\/\/beevanlife.com\/?product=bavlnene-vrecko-na-zips-luka","title":{"rendered":"Bavlnen\u00e9 vrecko na zips &#8211; l\u00faka"},"content":{"rendered":"<p>Bavlnen\u00e9 vrecko, obojstranne z bavlnenej l\u00e1tky. Po \u0161\u00edrke na zips.<\/p>\n<p>Rozmery vrec\u00fa\u0161ka s\u00fa 21x14cm<\/p>\n","protected":false},"excerpt":{"rendered":"<p>Bavlnen\u00e9 vrecko, obojstranne z bavlnenej l\u00e1tky. Po \u0161\u00edrke na zips. Rozmery vrec\u00fa\u0161ka s\u00fa 21x14cm<\/p>\n","protected":false},"featured_media":738,"comment_status":"open","ping_status":"closed","template":"","meta":{"_monsterinsights_skip_tracking":false,"_monsterinsights_sitenote_active":false,"_monsterinsights_sitenote_note":"","_monsterinsights_sitenote_category":0},"product_brand":[],"product_cat":[34],"product_tag":[81],"class_list":{"0":"post-757","1":"product","2":"type-product","3":"status-publish","4":"has-post-thumbnail","6":"product_cat-tasky","7":"product_tag-vrecko","8":"product_shipping_class-do-100g","9":"has-post-title","10":"has-post-date","11":"has-post-category","12":"has-post-tag","13":"has-post-comment","14":"has-post-author","15":"","17":"first","18":"instock","19":"shipping-taxable","20":"purchasable","21":"product-type-simple"},"aioseo_notices":[],"jetpack-related-posts":[],"jetpack_sharing_enabled":true,"builder_content":"","_links":{"self":[{"href":"https:\/\/beevanlife.com\/index.php?rest_route=\/wp\/v2\/product\/757","targetHints":{"allow":["GET"]}}],"collection":[{"href":"https:\/\/beevanlife.com\/index.php?rest_route=\/wp\/v2\/product"}],"about":[{"href":"https:\/\/beevanlife.com\/index.php?rest_route=\/wp\/v2\/types\/product"}],"replies":[{"embeddable":true,"href":"https:\/\/beevanlife.com\/index.php?rest_route=%2Fwp%2Fv2%2Fcomments&post=757"}],"version-history":[{"count":3,"href":"https:\/\/beevanlife.com\/index.php?rest_route=\/wp\/v2\/product\/757\/revisions"}],"predecessor-version":[{"id":830,"href":"https:\/\/beevanlife.com\/index.php?rest_route=\/wp\/v2\/product\/757\/revisions\/830"}],"wp:featuredmedia":[{"embeddable":true,"href":"https:\/\/beevanlife.com\/index.php?rest_route=\/wp\/v2\/media\/738"}],"wp:attachment":[{"href":"https:\/\/beevanlife.com\/index.php?rest_route=%2Fwp%2Fv2%2Fmedia&parent=757"}],"wp:term":[{"taxonomy":"product_brand","embeddable":true,"href":"https:\/\/beevanlife.com\/index.php?rest_route=%2Fwp%2Fv2%2Fproduct_brand&post=757"},{"taxonomy":"product_cat","embeddable":true,"href":"https:\/\/beevanlife.com\/index.php?rest_route=%2Fwp%2Fv2%2Fproduct_cat&post=757"},{"taxonomy":"product_tag","embeddable":true,"href":"https:\/\/beevanlife.com\/index.php?rest_route=%2Fwp%2Fv2%2Fproduct_tag&post=757"}],"curies":[{"name":"wp","href":"https:\/\/api.w.org\/{rel}","templated":true}]}}