{"id":793,"date":"2024-04-30T17:27:40","date_gmt":"2024-04-30T15:27:40","guid":{"rendered":"https:\/\/beevanlife.com\/?product=naramok-dobrodruzstvo-a-ochrana-na-cestach"},"modified":"2026-04-14T02:31:27","modified_gmt":"2026-04-14T00:31:27","slug":"naramok-dobrodruzstvo-a-ochrana-na-cestach","status":"publish","type":"product","link":"https:\/\/beevanlife.com\/?product=naramok-dobrodruzstvo-a-ochrana-na-cestach","title":{"rendered":"N\u00e1ramok Dobrodru\u017estvo a ochrana na cest\u00e1ch"},"content":{"rendered":"<p>N\u00e1ramok z polodrahokamov \/ miner\u00e1lov, ve\u013ekos\u0165 gumi\u010diek 8mm.<\/p>\n","protected":false},"excerpt":{"rendered":"<p>N\u00e1ramok z polodrahokamov \/ miner\u00e1lov, ve\u013ekos\u0165 gumi\u010diek 8mm.<\/p>\n","protected":false},"featured_media":791,"comment_status":"open","ping_status":"closed","template":"","meta":{"_monsterinsights_skip_tracking":false,"_monsterinsights_sitenote_active":false,"_monsterinsights_sitenote_note":"","_monsterinsights_sitenote_category":0},"product_brand":[],"product_cat":[30],"product_tag":[],"class_list":{"0":"post-793","1":"product","2":"type-product","3":"status-publish","4":"has-post-thumbnail","6":"product_cat-nausnice","7":"has-post-title","8":"has-post-date","9":"has-post-category","10":"has-post-tag","11":"has-post-comment","12":"has-post-author","13":"","15":"first","16":"instock","17":"shipping-taxable","18":"purchasable","19":"product-type-simple"},"aioseo_notices":[],"jetpack-related-posts":[],"jetpack_sharing_enabled":true,"builder_content":"","_links":{"self":[{"href":"https:\/\/beevanlife.com\/index.php?rest_route=\/wp\/v2\/product\/793","targetHints":{"allow":["GET"]}}],"collection":[{"href":"https:\/\/beevanlife.com\/index.php?rest_route=\/wp\/v2\/product"}],"about":[{"href":"https:\/\/beevanlife.com\/index.php?rest_route=\/wp\/v2\/types\/product"}],"replies":[{"embeddable":true,"href":"https:\/\/beevanlife.com\/index.php?rest_route=%2Fwp%2Fv2%2Fcomments&post=793"}],"version-history":[{"count":0,"href":"https:\/\/beevanlife.com\/index.php?rest_route=\/wp\/v2\/product\/793\/revisions"}],"wp:featuredmedia":[{"embeddable":true,"href":"https:\/\/beevanlife.com\/index.php?rest_route=\/wp\/v2\/media\/791"}],"wp:attachment":[{"href":"https:\/\/beevanlife.com\/index.php?rest_route=%2Fwp%2Fv2%2Fmedia&parent=793"}],"wp:term":[{"taxonomy":"product_brand","embeddable":true,"href":"https:\/\/beevanlife.com\/index.php?rest_route=%2Fwp%2Fv2%2Fproduct_brand&post=793"},{"taxonomy":"product_cat","embeddable":true,"href":"https:\/\/beevanlife.com\/index.php?rest_route=%2Fwp%2Fv2%2Fproduct_cat&post=793"},{"taxonomy":"product_tag","embeddable":true,"href":"https:\/\/beevanlife.com\/index.php?rest_route=%2Fwp%2Fv2%2Fproduct_tag&post=793"}],"curies":[{"name":"wp","href":"https:\/\/api.w.org\/{rel}","templated":true}]}}