{"id":802,"date":"2024-08-13T08:59:41","date_gmt":"2024-08-13T06:59:41","guid":{"rendered":"https:\/\/beevanlife.com\/?post_type=product&#038;p=802"},"modified":"2026-04-18T02:42:10","modified_gmt":"2026-04-18T00:42:10","slug":"detsky-naramok-perlickovy-so-srdieckom","status":"publish","type":"product","link":"https:\/\/beevanlife.com\/?product=detsky-naramok-perlickovy-so-srdieckom","title":{"rendered":"Detsk\u00fd n\u00e1ramok perli\u010dkov\u00fd so srdie\u010dkom"},"content":{"rendered":"<p>N\u00e1ramok je na gumi\u010dke a m\u00e1 obvod cca 13cm.<\/p>\n<p>Zlo\u017eenie: plastov\u00e9\/kovov\u00e9 kor\u00e1lky<\/p>\n","protected":false},"excerpt":{"rendered":"<p>N\u00e1ramok je na gumi\u010dke a m\u00e1 obvod cca 13cm. Zlo\u017eenie: plastov\u00e9\/kovov\u00e9 kor\u00e1lky<\/p>\n","protected":false},"featured_media":800,"comment_status":"open","ping_status":"closed","template":"","meta":{"_monsterinsights_skip_tracking":false,"_monsterinsights_sitenote_active":false,"_monsterinsights_sitenote_note":"","_monsterinsights_sitenote_category":0},"product_brand":[],"product_cat":[26],"product_tag":[],"class_list":{"0":"post-802","1":"product","2":"type-product","3":"status-publish","4":"has-post-thumbnail","6":"product_cat-naramky","7":"product_shipping_class-100-500g","8":"has-post-title","9":"has-post-date","10":"has-post-category","11":"has-post-tag","12":"has-post-comment","13":"has-post-author","14":"","16":"first","17":"instock","18":"shipping-taxable","19":"purchasable","20":"product-type-simple"},"aioseo_notices":[],"jetpack-related-posts":[],"jetpack_sharing_enabled":true,"builder_content":"","_links":{"self":[{"href":"https:\/\/beevanlife.com\/index.php?rest_route=\/wp\/v2\/product\/802","targetHints":{"allow":["GET"]}}],"collection":[{"href":"https:\/\/beevanlife.com\/index.php?rest_route=\/wp\/v2\/product"}],"about":[{"href":"https:\/\/beevanlife.com\/index.php?rest_route=\/wp\/v2\/types\/product"}],"replies":[{"embeddable":true,"href":"https:\/\/beevanlife.com\/index.php?rest_route=%2Fwp%2Fv2%2Fcomments&post=802"}],"version-history":[{"count":1,"href":"https:\/\/beevanlife.com\/index.php?rest_route=\/wp\/v2\/product\/802\/revisions"}],"predecessor-version":[{"id":827,"href":"https:\/\/beevanlife.com\/index.php?rest_route=\/wp\/v2\/product\/802\/revisions\/827"}],"wp:featuredmedia":[{"embeddable":true,"href":"https:\/\/beevanlife.com\/index.php?rest_route=\/wp\/v2\/media\/800"}],"wp:attachment":[{"href":"https:\/\/beevanlife.com\/index.php?rest_route=%2Fwp%2Fv2%2Fmedia&parent=802"}],"wp:term":[{"taxonomy":"product_brand","embeddable":true,"href":"https:\/\/beevanlife.com\/index.php?rest_route=%2Fwp%2Fv2%2Fproduct_brand&post=802"},{"taxonomy":"product_cat","embeddable":true,"href":"https:\/\/beevanlife.com\/index.php?rest_route=%2Fwp%2Fv2%2Fproduct_cat&post=802"},{"taxonomy":"product_tag","embeddable":true,"href":"https:\/\/beevanlife.com\/index.php?rest_route=%2Fwp%2Fv2%2Fproduct_tag&post=802"}],"curies":[{"name":"wp","href":"https:\/\/api.w.org\/{rel}","templated":true}]}}